{"id":4433,"date":"2020-10-19T09:07:56","date_gmt":"2020-10-19T09:07:56","guid":{"rendered":"https:\/\/lightup.lv\/product\/darbs-no-majam-darba-galds-majas-5\/"},"modified":"2025-05-10T12:29:05","modified_gmt":"2025-05-10T10:29:05","slug":"darbs-no-majam-darba-galds-majas-5","status":"publish","type":"product","link":"https:\/\/lightup.lv\/en\/product-catalog\/darbs-no-majam-darba-galds-majas-5\/","title":{"rendered":"Konsoles galds 09"},"content":{"rendered":"<p>Balta rakst\u0101mgalds izgatavots no in\u017eenierkoka, kr\u0101sotas mas\u012bvkoka k\u0101jas, izvelkams darbvirsma, divas atvilktnes. Atvilktnes izm\u0113rs: W365; D284; H60mm. Ja virsma tiek izvilkta, izstr\u0101d\u0101juma dzi\u013cums palielin\u0101sies l\u012bdz 650 mm. Darba virsmas augstums no zemes ir 723 mm.<\/p>\n<p>Izm\u0113rs: 100x36x88<\/p>\n<p>ID 109017208082<\/p>","protected":false},"excerpt":{"rendered":"<p>Izm\u0113rs: 100x36x88<\/p>","protected":false},"featured_media":4434,"template":"","meta":{"_acf_changed":false},"product_brand":[],"product_cat":[101,103,22],"product_tag":[102],"class_list":{"0":"post-4433","1":"product","2":"type-product","3":"status-publish","4":"has-post-thumbnail","6":"product_cat-biroja-mebeles","7":"product_cat-darba-galdi","8":"product_cat-galdi","9":"product_tag-woodman","11":"first","12":"onbackorder","13":"shipping-taxable","14":"purchasable","15":"product-type-simple"},"acf":[],"_links":{"self":[{"href":"https:\/\/lightup.lv\/en\/wp-json\/wp\/v2\/product\/4433","targetHints":{"allow":["GET"]}}],"collection":[{"href":"https:\/\/lightup.lv\/en\/wp-json\/wp\/v2\/product"}],"about":[{"href":"https:\/\/lightup.lv\/en\/wp-json\/wp\/v2\/types\/product"}],"wp:featuredmedia":[{"embeddable":true,"href":"https:\/\/lightup.lv\/en\/wp-json\/wp\/v2\/media\/4434"}],"wp:attachment":[{"href":"https:\/\/lightup.lv\/en\/wp-json\/wp\/v2\/media?parent=4433"}],"wp:term":[{"taxonomy":"product_brand","embeddable":true,"href":"https:\/\/lightup.lv\/en\/wp-json\/wp\/v2\/product_brand?post=4433"},{"taxonomy":"product_cat","embeddable":true,"href":"https:\/\/lightup.lv\/en\/wp-json\/wp\/v2\/product_cat?post=4433"},{"taxonomy":"product_tag","embeddable":true,"href":"https:\/\/lightup.lv\/en\/wp-json\/wp\/v2\/product_tag?post=4433"}],"curies":[{"name":"wp","href":"https:\/\/api.w.org\/{rel}","templated":true}]}}