{"id":4513,"date":"2020-10-19T10:31:42","date_gmt":"2020-10-19T10:31:42","guid":{"rendered":"https:\/\/lightup.lv\/product\/darbs-no-majam-darba-galds-majas-14\/"},"modified":"2024-02-09T08:06:24","modified_gmt":"2024-02-09T08:06:24","slug":"darbs-no-majam-darba-galds-majas-14","status":"publish","type":"product","link":"https:\/\/lightup.lv\/en\/product-catalog\/darbs-no-majam-darba-galds-majas-14\/","title":{"rendered":"Lindenhof Desk"},"content":{"rendered":"<p>Balts rakst\u0101mgalds izgatavots no in\u017eenierijas un mas\u012bvkoka. Atvilktne p\u0101rvietojas pa met\u0101la slied\u0113m. Kop\u0113jais augstums ir 84 cm, darba virsmas augstums ir 75,3 cm. At\u0161\u0137ir\u012bba starp aug\u0161\u0113jo plauktu un darba virsmu ir 6,6 cm. Atvilktnes iek\u0161\u0113jie izm\u0113ri ir W39,4xD35xH4,2cm.<\/p>\n<p>Izm\u0113rs: 120x60x84cm<\/p>\n<p>ID 191003008014<\/p>","protected":false},"excerpt":{"rendered":"<p>Izm\u0113rs: 120x60x84cm<\/p>","protected":false},"featured_media":4514,"template":"","meta":{"_acf_changed":false},"product_brand":[],"product_cat":[101,103,22],"product_tag":[102],"class_list":{"0":"post-4513","1":"product","2":"type-product","3":"status-publish","4":"has-post-thumbnail","6":"product_cat-biroja-mebeles","7":"product_cat-darba-galdi","8":"product_cat-galdi","9":"product_tag-woodman","11":"first","12":"onbackorder","13":"shipping-taxable","14":"purchasable","15":"product-type-simple"},"acf":[],"_links":{"self":[{"href":"https:\/\/lightup.lv\/en\/wp-json\/wp\/v2\/product\/4513","targetHints":{"allow":["GET"]}}],"collection":[{"href":"https:\/\/lightup.lv\/en\/wp-json\/wp\/v2\/product"}],"about":[{"href":"https:\/\/lightup.lv\/en\/wp-json\/wp\/v2\/types\/product"}],"wp:featuredmedia":[{"embeddable":true,"href":"https:\/\/lightup.lv\/en\/wp-json\/wp\/v2\/media\/4514"}],"wp:attachment":[{"href":"https:\/\/lightup.lv\/en\/wp-json\/wp\/v2\/media?parent=4513"}],"wp:term":[{"taxonomy":"product_brand","embeddable":true,"href":"https:\/\/lightup.lv\/en\/wp-json\/wp\/v2\/product_brand?post=4513"},{"taxonomy":"product_cat","embeddable":true,"href":"https:\/\/lightup.lv\/en\/wp-json\/wp\/v2\/product_cat?post=4513"},{"taxonomy":"product_tag","embeddable":true,"href":"https:\/\/lightup.lv\/en\/wp-json\/wp\/v2\/product_tag?post=4513"}],"curies":[{"name":"wp","href":"https:\/\/api.w.org\/{rel}","templated":true}]}}