{"id":4584,"date":"2021-01-13T09:38:47","date_gmt":"2021-01-13T09:38:47","guid":{"rendered":"https:\/\/lightup.lv\/product\/octa-akustiskais-panelis\/"},"modified":"2025-03-18T12:25:06","modified_gmt":"2025-03-18T10:25:06","slug":"octa-akustiskais-panelis","status":"publish","type":"product","link":"https:\/\/lightup.lv\/en\/product-catalog\/octa-akustiskais-panelis\/","title":{"rendered":"Octa L acoustic panel"},"content":{"rendered":"<p>Dimensions:<\/p>\n<p>1000 x 1000\u00a0 mm<\/p>\n<p>Komplekt\u0101 ietilpst mont\u0101zas stirpin\u0101jumi<\/p>","protected":false},"excerpt":{"rendered":"<p>Octa\u00a0 ir ide\u0101ls daudzsl\u0101\u0146u kompoz\u012bcijas izveido\u0161anai, kur katrs panelis ir novietots cit\u0101 augstum\u0101 ar pane\u013cu kont\u016br\u0101m, kas p\u0101rkl\u0101jas viens ar otru.<\/p>","protected":false},"featured_media":4585,"template":"","meta":{"_acf_changed":false},"product_brand":[],"product_cat":[18,19],"product_tag":[],"class_list":{"0":"post-4584","1":"product","2":"type-product","3":"status-publish","4":"has-post-thumbnail","6":"product_cat-dizaina-skanas-izolacija","7":"product_cat-fluffo-air-griestiem","9":"first","10":"instock","11":"shipping-taxable","12":"purchasable","13":"product-type-simple"},"acf":[],"_links":{"self":[{"href":"https:\/\/lightup.lv\/en\/wp-json\/wp\/v2\/product\/4584","targetHints":{"allow":["GET"]}}],"collection":[{"href":"https:\/\/lightup.lv\/en\/wp-json\/wp\/v2\/product"}],"about":[{"href":"https:\/\/lightup.lv\/en\/wp-json\/wp\/v2\/types\/product"}],"wp:featuredmedia":[{"embeddable":true,"href":"https:\/\/lightup.lv\/en\/wp-json\/wp\/v2\/media\/4585"}],"wp:attachment":[{"href":"https:\/\/lightup.lv\/en\/wp-json\/wp\/v2\/media?parent=4584"}],"wp:term":[{"taxonomy":"product_brand","embeddable":true,"href":"https:\/\/lightup.lv\/en\/wp-json\/wp\/v2\/product_brand?post=4584"},{"taxonomy":"product_cat","embeddable":true,"href":"https:\/\/lightup.lv\/en\/wp-json\/wp\/v2\/product_cat?post=4584"},{"taxonomy":"product_tag","embeddable":true,"href":"https:\/\/lightup.lv\/en\/wp-json\/wp\/v2\/product_tag?post=4584"}],"curies":[{"name":"wp","href":"https:\/\/api.w.org\/{rel}","templated":true}]}}