{"id":47,"date":"2018-07-23T09:30:47","date_gmt":"2018-07-23T09:30:47","guid":{"rendered":"https:\/\/lightup.lv\/product\/dot-akustiskais-panelis\/"},"modified":"2025-03-18T12:05:49","modified_gmt":"2025-03-18T10:05:49","slug":"dot-akustiskais-panelis","status":"publish","type":"product","link":"https:\/\/lightup.lv\/en\/precu-katalogs\/dot-akustiskais-panelis\/","title":{"rendered":"Dot L akustiskais panelis"},"content":{"rendered":"<p>Dimensions:<\/p>\n<p>D:\u00a0 1000 x 40 mm<\/p>\n<p>Komplekt\u0101 ietilpst mont\u0101zas stirpin\u0101jumi<\/p>\n<p>ID Dot<\/p>","protected":false},"excerpt":{"rendered":"<p>Ap\u013ca diametrs 100 cm ir ide\u0101ls daudzsl\u0101\u0146u kompoz\u012bcijas izveido\u0161anai, kur katrs panelis ir novietots cit\u0101 augstum\u0101 ar pane\u013cu kont\u016br\u0101m, kas p\u0101rkl\u0101jas viens ar otru.<\/p>","protected":false},"featured_media":48,"template":"","meta":{"_acf_changed":false},"product_brand":[],"product_cat":[18,19],"product_tag":[20],"class_list":{"0":"post-47","1":"product","2":"type-product","3":"status-publish","4":"has-post-thumbnail","6":"product_cat-dizaina-skanas-izolacija","7":"product_cat-fluffo-air-griestiem","8":"product_tag-fluffo","10":"first","11":"instock","12":"shipping-taxable","13":"purchasable","14":"product-type-simple"},"acf":[],"_links":{"self":[{"href":"https:\/\/lightup.lv\/en\/wp-json\/wp\/v2\/product\/47","targetHints":{"allow":["GET"]}}],"collection":[{"href":"https:\/\/lightup.lv\/en\/wp-json\/wp\/v2\/product"}],"about":[{"href":"https:\/\/lightup.lv\/en\/wp-json\/wp\/v2\/types\/product"}],"wp:featuredmedia":[{"embeddable":true,"href":"https:\/\/lightup.lv\/en\/wp-json\/wp\/v2\/media\/48"}],"wp:attachment":[{"href":"https:\/\/lightup.lv\/en\/wp-json\/wp\/v2\/media?parent=47"}],"wp:term":[{"taxonomy":"product_brand","embeddable":true,"href":"https:\/\/lightup.lv\/en\/wp-json\/wp\/v2\/product_brand?post=47"},{"taxonomy":"product_cat","embeddable":true,"href":"https:\/\/lightup.lv\/en\/wp-json\/wp\/v2\/product_cat?post=47"},{"taxonomy":"product_tag","embeddable":true,"href":"https:\/\/lightup.lv\/en\/wp-json\/wp\/v2\/product_tag?post=47"}],"curies":[{"name":"wp","href":"https:\/\/api.w.org\/{rel}","templated":true}]}}