{"id":4725,"date":"2021-01-20T13:49:12","date_gmt":"2021-01-20T13:49:12","guid":{"rendered":"https:\/\/lightup.lv\/product\/jugend-tv-unit\/"},"modified":"2024-02-09T04:41:43","modified_gmt":"2024-02-09T04:41:43","slug":"jugend-tv-unit","status":"publish","type":"product","link":"https:\/\/lightup.lv\/en\/product-catalog\/jugend-tv-unit\/","title":{"rendered":"Jugend TV Unit"},"content":{"rendered":"<p>Melni kr\u0101sots ozolkoka finier\u0113ts korpuss, m\u012bksti aizveramas durvis ar skaidru ozolkoka apdari, vienas durvis ar audumu, met\u0101la k\u0101jas.<\/p>\n<p>ID 222224001162<\/p>","protected":false},"excerpt":{"rendered":"<p>Izm\u0113rs 150x45x52cm<\/p>","protected":false},"featured_media":4726,"template":"","meta":{"_acf_changed":false},"product_brand":[],"product_cat":[30,31],"product_tag":[102],"class_list":{"0":"post-4725","1":"product","2":"type-product","3":"status-publish","4":"has-post-thumbnail","6":"product_cat-korpusa-mebeles","7":"product_cat-tv-plaukti","8":"product_tag-woodman","10":"first","11":"onbackorder","12":"shipping-taxable","13":"purchasable","14":"product-type-simple"},"acf":[],"_links":{"self":[{"href":"https:\/\/lightup.lv\/en\/wp-json\/wp\/v2\/product\/4725","targetHints":{"allow":["GET"]}}],"collection":[{"href":"https:\/\/lightup.lv\/en\/wp-json\/wp\/v2\/product"}],"about":[{"href":"https:\/\/lightup.lv\/en\/wp-json\/wp\/v2\/types\/product"}],"wp:featuredmedia":[{"embeddable":true,"href":"https:\/\/lightup.lv\/en\/wp-json\/wp\/v2\/media\/4726"}],"wp:attachment":[{"href":"https:\/\/lightup.lv\/en\/wp-json\/wp\/v2\/media?parent=4725"}],"wp:term":[{"taxonomy":"product_brand","embeddable":true,"href":"https:\/\/lightup.lv\/en\/wp-json\/wp\/v2\/product_brand?post=4725"},{"taxonomy":"product_cat","embeddable":true,"href":"https:\/\/lightup.lv\/en\/wp-json\/wp\/v2\/product_cat?post=4725"},{"taxonomy":"product_tag","embeddable":true,"href":"https:\/\/lightup.lv\/en\/wp-json\/wp\/v2\/product_tag?post=4725"}],"curies":[{"name":"wp","href":"https:\/\/api.w.org\/{rel}","templated":true}]}}