{"id":4853,"date":"2021-01-21T10:17:44","date_gmt":"2021-01-21T10:17:44","guid":{"rendered":"https:\/\/lightup.lv\/product\/flop-highboard-walnut-white\/"},"modified":"2024-02-09T08:10:00","modified_gmt":"2024-02-09T08:10:00","slug":"flop-highboard-walnut-white","status":"publish","type":"product","link":"https:\/\/lightup.lv\/en\/precu-katalogs\/flop-highboard-walnut-white\/","title":{"rendered":"Flop Highboard Walnut\/White"},"content":{"rendered":"<p>\u0160\u012b produkta korpuss ir izgatavots no valriekstu finier\u0113tas skaidu pl\u0101tnes. Durvis ir p\u0101rkl\u0101tas ar saliektu valriekstu finiera p\u0101rkl\u0101jumu. Roktura fons un met\u0101la r\u0101mja akcentu tonis ir RAL 9003. Met\u0101la k\u0101ju r\u0101mis ir izgatavots no t\u0113rauda caurul\u0113m, kas kr\u0101sotas ar pulveri. Valriekstu da\u013cas ir kr\u0101sotas ar Clear PU mat\u0113tu laku.<\/p>\n<p> ID 107216005082<\/p>","protected":false},"excerpt":{"rendered":"<p>Izm\u0113rs 100x48x140cm<\/p>","protected":false},"featured_media":4854,"template":"","meta":{"_acf_changed":false},"product_brand":[],"product_cat":[30,104],"product_tag":[102],"class_list":{"0":"post-4853","1":"product","2":"type-product","3":"status-publish","4":"has-post-thumbnail","6":"product_cat-korpusa-mebeles","7":"product_cat-kumodes","8":"product_tag-woodman","10":"first","11":"onbackorder","12":"shipping-taxable","13":"purchasable","14":"product-type-simple"},"acf":[],"_links":{"self":[{"href":"https:\/\/lightup.lv\/en\/wp-json\/wp\/v2\/product\/4853","targetHints":{"allow":["GET"]}}],"collection":[{"href":"https:\/\/lightup.lv\/en\/wp-json\/wp\/v2\/product"}],"about":[{"href":"https:\/\/lightup.lv\/en\/wp-json\/wp\/v2\/types\/product"}],"wp:featuredmedia":[{"embeddable":true,"href":"https:\/\/lightup.lv\/en\/wp-json\/wp\/v2\/media\/4854"}],"wp:attachment":[{"href":"https:\/\/lightup.lv\/en\/wp-json\/wp\/v2\/media?parent=4853"}],"wp:term":[{"taxonomy":"product_brand","embeddable":true,"href":"https:\/\/lightup.lv\/en\/wp-json\/wp\/v2\/product_brand?post=4853"},{"taxonomy":"product_cat","embeddable":true,"href":"https:\/\/lightup.lv\/en\/wp-json\/wp\/v2\/product_cat?post=4853"},{"taxonomy":"product_tag","embeddable":true,"href":"https:\/\/lightup.lv\/en\/wp-json\/wp\/v2\/product_tag?post=4853"}],"curies":[{"name":"wp","href":"https:\/\/api.w.org\/{rel}","templated":true}]}}