{"id":5030,"date":"2021-01-21T14:03:43","date_gmt":"2021-01-21T14:03:43","guid":{"rendered":"https:\/\/lightup.lv\/product\/jugend-sideboard\/"},"modified":"2024-02-09T08:12:57","modified_gmt":"2024-02-09T08:12:57","slug":"jugend-sideboard","status":"publish","type":"product","link":"https:\/\/lightup.lv\/en\/precu-katalogs\/jugend-sideboard\/","title":{"rendered":"Jugend Sideboard"},"content":{"rendered":"<p>Melni kr\u0101sots ozolkoka finier\u0113ts korpuss, durvis ar caursp\u012bd\u012bgu ozolkoka apdari, met\u0101la k\u0101jas. Soft close funkcija durv\u012bm un atvilktn\u0113m.<\/p>\n<p> ID 222215001162<\/p>","protected":false},"excerpt":{"rendered":"<p>Izm\u0113rs 180x47x70cm<\/p>","protected":false},"featured_media":5031,"template":"","meta":{"_acf_changed":false},"product_brand":[],"product_cat":[30,104],"product_tag":[102],"class_list":{"0":"post-5030","1":"product","2":"type-product","3":"status-publish","4":"has-post-thumbnail","6":"product_cat-korpusa-mebeles","7":"product_cat-kumodes","8":"product_tag-woodman","10":"first","11":"onbackorder","12":"shipping-taxable","13":"purchasable","14":"product-type-simple"},"acf":[],"_links":{"self":[{"href":"https:\/\/lightup.lv\/en\/wp-json\/wp\/v2\/product\/5030","targetHints":{"allow":["GET"]}}],"collection":[{"href":"https:\/\/lightup.lv\/en\/wp-json\/wp\/v2\/product"}],"about":[{"href":"https:\/\/lightup.lv\/en\/wp-json\/wp\/v2\/types\/product"}],"wp:featuredmedia":[{"embeddable":true,"href":"https:\/\/lightup.lv\/en\/wp-json\/wp\/v2\/media\/5031"}],"wp:attachment":[{"href":"https:\/\/lightup.lv\/en\/wp-json\/wp\/v2\/media?parent=5030"}],"wp:term":[{"taxonomy":"product_brand","embeddable":true,"href":"https:\/\/lightup.lv\/en\/wp-json\/wp\/v2\/product_brand?post=5030"},{"taxonomy":"product_cat","embeddable":true,"href":"https:\/\/lightup.lv\/en\/wp-json\/wp\/v2\/product_cat?post=5030"},{"taxonomy":"product_tag","embeddable":true,"href":"https:\/\/lightup.lv\/en\/wp-json\/wp\/v2\/product_tag?post=5030"}],"curies":[{"name":"wp","href":"https:\/\/api.w.org\/{rel}","templated":true}]}}