{"id":5078,"date":"2021-01-21T14:30:03","date_gmt":"2021-01-21T14:30:03","guid":{"rendered":"https:\/\/lightup.lv\/product\/pimlico-armoire\/"},"modified":"2024-02-09T08:13:34","modified_gmt":"2024-02-09T08:13:34","slug":"pimlico-armoire","status":"publish","type":"product","link":"https:\/\/lightup.lv\/en\/precu-katalogs\/pimlico-armoire\/","title":{"rendered":"Pimlico Armoire"},"content":{"rendered":"<p>Ozolkoka finier\u0113ta kokogli kr\u0101sots skapis ar stikla durv\u012bm, misi\u0146a rokturiem un k\u0101j\u0101m, valrieksta aizmugur\u0113jo sienu. Skap\u012b ir divi fiks\u0113ti plaukti (PLP20, 859x314mm), att\u0101lums starp plauktiem ir 384mm. Koka da\u013cas p\u0101rkl\u0101tas ar caursp\u012bd\u012bgu mat\u0113tu laku. Durvju e\u0146\u0123es ar soft-close funkciju. K\u0101ju r\u0101mis (900x360x150mm) ir izgatavots no metin\u0101tas met\u0101la caurules (d22mm). \u012apa\u0161as formas met\u0101la rokturi (120x40x20mm). Met\u0101la deta\u013cas p\u0101rkl\u0101tas ar sp\u012bd\u012bgu misi\u0146u. Produktam n\u0101k sienas stiprin\u0101jumi.<\/p>\n<p> ID 235228001052<\/p>","protected":false},"excerpt":{"rendered":"<p>Izm\u0113rs 90x36x148cm<\/p>","protected":false},"featured_media":5079,"template":"","meta":{"_acf_changed":false},"product_brand":[],"product_cat":[30,104],"product_tag":[102],"class_list":{"0":"post-5078","1":"product","2":"type-product","3":"status-publish","4":"has-post-thumbnail","6":"product_cat-korpusa-mebeles","7":"product_cat-kumodes","8":"product_tag-woodman","10":"first","11":"onbackorder","12":"shipping-taxable","13":"purchasable","14":"product-type-simple"},"acf":[],"_links":{"self":[{"href":"https:\/\/lightup.lv\/en\/wp-json\/wp\/v2\/product\/5078","targetHints":{"allow":["GET"]}}],"collection":[{"href":"https:\/\/lightup.lv\/en\/wp-json\/wp\/v2\/product"}],"about":[{"href":"https:\/\/lightup.lv\/en\/wp-json\/wp\/v2\/types\/product"}],"wp:featuredmedia":[{"embeddable":true,"href":"https:\/\/lightup.lv\/en\/wp-json\/wp\/v2\/media\/5079"}],"wp:attachment":[{"href":"https:\/\/lightup.lv\/en\/wp-json\/wp\/v2\/media?parent=5078"}],"wp:term":[{"taxonomy":"product_brand","embeddable":true,"href":"https:\/\/lightup.lv\/en\/wp-json\/wp\/v2\/product_brand?post=5078"},{"taxonomy":"product_cat","embeddable":true,"href":"https:\/\/lightup.lv\/en\/wp-json\/wp\/v2\/product_cat?post=5078"},{"taxonomy":"product_tag","embeddable":true,"href":"https:\/\/lightup.lv\/en\/wp-json\/wp\/v2\/product_tag?post=5078"}],"curies":[{"name":"wp","href":"https:\/\/api.w.org\/{rel}","templated":true}]}}