{"id":6468,"date":"2021-02-03T09:34:13","date_gmt":"2021-02-03T09:34:13","guid":{"rendered":"https:\/\/lightup.lv\/product\/kensal-vitrine\/"},"modified":"2024-02-09T08:16:25","modified_gmt":"2024-02-09T08:16:25","slug":"kensal-vitrine","status":"publish","type":"product","link":"https:\/\/lightup.lv\/en\/product-catalog\/kensal-vitrine\/","title":{"rendered":"Kensal Vitrine"},"content":{"rendered":"<p>Izm\u0113rs 100x45x170 cm<\/p>\n<p> ID 104228101012<\/p>","protected":false},"excerpt":{"rendered":"<p>Klasiska izskata vitr\u012bna ar r\u016bd\u012btu caursp\u012bd\u012bgu stiklu. Aiz stikla durv\u012bm ir pla\u0161a uzglab\u0101\u0161anas vieta, s\u0101kot no smalkas porcel\u0101na l\u012bdz gr\u0101mat\u0101m. K\u0101jas un durvju rokturi izgatavoti no ozolkoka.<\/p>","protected":false},"featured_media":6469,"template":"","meta":{"_acf_changed":false},"product_brand":[],"product_cat":[30,107],"product_tag":[102],"class_list":{"0":"post-6468","1":"product","2":"type-product","3":"status-publish","4":"has-post-thumbnail","6":"product_cat-korpusa-mebeles","7":"product_cat-plaukts-vitrina","8":"product_tag-woodman","10":"first","11":"onbackorder","12":"shipping-taxable","13":"purchasable","14":"product-type-simple"},"acf":[],"_links":{"self":[{"href":"https:\/\/lightup.lv\/en\/wp-json\/wp\/v2\/product\/6468","targetHints":{"allow":["GET"]}}],"collection":[{"href":"https:\/\/lightup.lv\/en\/wp-json\/wp\/v2\/product"}],"about":[{"href":"https:\/\/lightup.lv\/en\/wp-json\/wp\/v2\/types\/product"}],"wp:featuredmedia":[{"embeddable":true,"href":"https:\/\/lightup.lv\/en\/wp-json\/wp\/v2\/media\/6469"}],"wp:attachment":[{"href":"https:\/\/lightup.lv\/en\/wp-json\/wp\/v2\/media?parent=6468"}],"wp:term":[{"taxonomy":"product_brand","embeddable":true,"href":"https:\/\/lightup.lv\/en\/wp-json\/wp\/v2\/product_brand?post=6468"},{"taxonomy":"product_cat","embeddable":true,"href":"https:\/\/lightup.lv\/en\/wp-json\/wp\/v2\/product_cat?post=6468"},{"taxonomy":"product_tag","embeddable":true,"href":"https:\/\/lightup.lv\/en\/wp-json\/wp\/v2\/product_tag?post=6468"}],"curies":[{"name":"wp","href":"https:\/\/api.w.org\/{rel}","templated":true}]}}