{"id":6756,"date":"2021-02-04T14:24:57","date_gmt":"2021-02-04T14:24:57","guid":{"rendered":"https:\/\/lightup.lv\/product\/farsta-bed-herringbone-180x200\/"},"modified":"2024-02-09T08:38:49","modified_gmt":"2024-02-09T08:38:49","slug":"farsta-bed-herringbone-180x200","status":"publish","type":"product","link":"https:\/\/lightup.lv\/en\/precu-katalogs\/farsta-bed-herringbone-180x200\/","title":{"rendered":"Farsta bed Herringbone 180\u00d7200"},"content":{"rendered":"<p>Izm\u0113ri 180X200X889 cm<\/p>\n<p> ID 198471201014<\/p>","protected":false},"excerpt":{"rendered":"<p>Klasiska ozolkoka finier\u0113ta gulta ar ozolkoka k\u0101j\u0101m. L\u012bstes nav iek\u013cautas komplekt\u0101.<\/p>","protected":false},"featured_media":6757,"template":"","meta":{"_acf_changed":false},"product_brand":[],"product_cat":[26],"product_tag":[102],"class_list":{"0":"post-6756","1":"product","2":"type-product","3":"status-publish","4":"has-post-thumbnail","6":"product_cat-gultas","7":"product_tag-woodman","9":"first","10":"onbackorder","11":"shipping-taxable","12":"purchasable","13":"product-type-simple"},"acf":[],"_links":{"self":[{"href":"https:\/\/lightup.lv\/en\/wp-json\/wp\/v2\/product\/6756","targetHints":{"allow":["GET"]}}],"collection":[{"href":"https:\/\/lightup.lv\/en\/wp-json\/wp\/v2\/product"}],"about":[{"href":"https:\/\/lightup.lv\/en\/wp-json\/wp\/v2\/types\/product"}],"wp:featuredmedia":[{"embeddable":true,"href":"https:\/\/lightup.lv\/en\/wp-json\/wp\/v2\/media\/6757"}],"wp:attachment":[{"href":"https:\/\/lightup.lv\/en\/wp-json\/wp\/v2\/media?parent=6756"}],"wp:term":[{"taxonomy":"product_brand","embeddable":true,"href":"https:\/\/lightup.lv\/en\/wp-json\/wp\/v2\/product_brand?post=6756"},{"taxonomy":"product_cat","embeddable":true,"href":"https:\/\/lightup.lv\/en\/wp-json\/wp\/v2\/product_cat?post=6756"},{"taxonomy":"product_tag","embeddable":true,"href":"https:\/\/lightup.lv\/en\/wp-json\/wp\/v2\/product_tag?post=6756"}],"curies":[{"name":"wp","href":"https:\/\/api.w.org\/{rel}","templated":true}]}}