{"id":6804,"date":"2021-02-06T08:48:18","date_gmt":"2021-02-06T08:48:18","guid":{"rendered":"https:\/\/lightup.lv\/product\/wiru-sidetable-3d-oak\/"},"modified":"2024-02-09T08:40:07","modified_gmt":"2024-02-09T08:40:07","slug":"wiru-sidetable-3d-oak","status":"publish","type":"product","link":"https:\/\/lightup.lv\/en\/product-catalog\/wiru-sidetable-3d-oak\/","title":{"rendered":"Wiru Sidetable 3D Oak"},"content":{"rendered":"<p>Izm\u0113rs \t51x35x71 cm<\/p>\n<p> ID 267220101012<\/p>","protected":false},"excerpt":{"rendered":"<p>Ozola finier\u0113ts skapis. Augstums starp gr\u012bdu un skapja pamatni ir 31,7 cm. Naktsskap\u012btim j\u0101b\u016bt piestiprin\u0101tam pie sienas.<\/p>","protected":false},"featured_media":6805,"template":"","meta":{"_acf_changed":false},"product_brand":[],"product_cat":[26],"product_tag":[102],"class_list":{"0":"post-6804","1":"product","2":"type-product","3":"status-publish","4":"has-post-thumbnail","6":"product_cat-gultas","7":"product_tag-woodman","9":"first","10":"onbackorder","11":"shipping-taxable","12":"purchasable","13":"product-type-simple"},"acf":[],"_links":{"self":[{"href":"https:\/\/lightup.lv\/en\/wp-json\/wp\/v2\/product\/6804","targetHints":{"allow":["GET"]}}],"collection":[{"href":"https:\/\/lightup.lv\/en\/wp-json\/wp\/v2\/product"}],"about":[{"href":"https:\/\/lightup.lv\/en\/wp-json\/wp\/v2\/types\/product"}],"wp:featuredmedia":[{"embeddable":true,"href":"https:\/\/lightup.lv\/en\/wp-json\/wp\/v2\/media\/6805"}],"wp:attachment":[{"href":"https:\/\/lightup.lv\/en\/wp-json\/wp\/v2\/media?parent=6804"}],"wp:term":[{"taxonomy":"product_brand","embeddable":true,"href":"https:\/\/lightup.lv\/en\/wp-json\/wp\/v2\/product_brand?post=6804"},{"taxonomy":"product_cat","embeddable":true,"href":"https:\/\/lightup.lv\/en\/wp-json\/wp\/v2\/product_cat?post=6804"},{"taxonomy":"product_tag","embeddable":true,"href":"https:\/\/lightup.lv\/en\/wp-json\/wp\/v2\/product_tag?post=6804"}],"curies":[{"name":"wp","href":"https:\/\/api.w.org\/{rel}","templated":true}]}}