{"id":6862,"date":"2021-02-06T10:05:26","date_gmt":"2021-02-06T10:05:26","guid":{"rendered":"https:\/\/lightup.lv\/product\/camden-bedroom-chest-narrow-herringbone-print-oak\/"},"modified":"2024-02-10T12:08:27","modified_gmt":"2024-02-10T12:08:27","slug":"camden-bedroom-chest-narrow-herringbone-print-oak","status":"publish","type":"product","link":"https:\/\/lightup.lv\/en\/precu-katalogs\/camden-bedroom-chest-narrow-herringbone-print-oak\/","title":{"rendered":"Camden Bedroom Chest Narrow Herringbone Print Oak"},"content":{"rendered":"<p>Izm\u0113rs 40&#215;48123 cm<\/p>\n<p>ID 254473701112<\/p>","protected":false},"excerpt":{"rendered":"<p>Dekorat\u012bv\u0101 kumode ar skuji\u0146u rakstu. Kumode pie\u0161\u0137irs telpai dizaina akcentu. Kumode ar piec\u0101m atvilktn\u0113m.<\/p>","protected":false},"featured_media":26172,"template":"","meta":{"_acf_changed":false},"product_brand":[],"product_cat":[30,104],"product_tag":[102],"class_list":{"0":"post-6862","1":"product","2":"type-product","3":"status-publish","4":"has-post-thumbnail","6":"product_cat-korpusa-mebeles","7":"product_cat-kumodes","8":"product_tag-woodman","10":"first","11":"onbackorder","12":"shipping-taxable","13":"purchasable","14":"product-type-simple"},"acf":[],"_links":{"self":[{"href":"https:\/\/lightup.lv\/en\/wp-json\/wp\/v2\/product\/6862","targetHints":{"allow":["GET"]}}],"collection":[{"href":"https:\/\/lightup.lv\/en\/wp-json\/wp\/v2\/product"}],"about":[{"href":"https:\/\/lightup.lv\/en\/wp-json\/wp\/v2\/types\/product"}],"wp:featuredmedia":[{"embeddable":true,"href":"https:\/\/lightup.lv\/en\/wp-json\/wp\/v2\/media\/26172"}],"wp:attachment":[{"href":"https:\/\/lightup.lv\/en\/wp-json\/wp\/v2\/media?parent=6862"}],"wp:term":[{"taxonomy":"product_brand","embeddable":true,"href":"https:\/\/lightup.lv\/en\/wp-json\/wp\/v2\/product_brand?post=6862"},{"taxonomy":"product_cat","embeddable":true,"href":"https:\/\/lightup.lv\/en\/wp-json\/wp\/v2\/product_cat?post=6862"},{"taxonomy":"product_tag","embeddable":true,"href":"https:\/\/lightup.lv\/en\/wp-json\/wp\/v2\/product_tag?post=6862"}],"curies":[{"name":"wp","href":"https:\/\/api.w.org\/{rel}","templated":true}]}}