{"id":6871,"date":"2021-02-06T10:10:45","date_gmt":"2021-02-06T10:10:45","guid":{"rendered":"https:\/\/lightup.lv\/product\/pimlico-chest-of-drawers\/"},"modified":"2024-02-09T08:41:44","modified_gmt":"2024-02-09T08:41:44","slug":"pimlico-chest-of-drawers","status":"publish","type":"product","link":"https:\/\/lightup.lv\/en\/product-catalog\/pimlico-chest-of-drawers\/","title":{"rendered":"Pimlico Chest of Drawers"},"content":{"rendered":"<p>Izm\u0113rs \t91x36x75 cm<\/p>\n<p> ID 235230001052<\/p>","protected":false},"excerpt":{"rendered":"<p>Moderna divu to\u0146u kumode ir piem\u0113rota m\u0113bele j\u016bsu m\u0101j\u0101m, kas izce\u013cas ar vienk\u0101r\u0161\u012bbu. Skaisti veidoti priek\u0161\u0113jie rokturi un met\u0101la k\u0101ja pie\u0161\u0137irs telpai dizaina akcentu.<\/p>","protected":false},"featured_media":6872,"template":"","meta":{"_acf_changed":false},"product_brand":[],"product_cat":[30,104],"product_tag":[102],"class_list":{"0":"post-6871","1":"product","2":"type-product","3":"status-publish","4":"has-post-thumbnail","6":"product_cat-korpusa-mebeles","7":"product_cat-kumodes","8":"product_tag-woodman","10":"first","11":"onbackorder","12":"shipping-taxable","13":"purchasable","14":"product-type-simple"},"acf":[],"_links":{"self":[{"href":"https:\/\/lightup.lv\/en\/wp-json\/wp\/v2\/product\/6871","targetHints":{"allow":["GET"]}}],"collection":[{"href":"https:\/\/lightup.lv\/en\/wp-json\/wp\/v2\/product"}],"about":[{"href":"https:\/\/lightup.lv\/en\/wp-json\/wp\/v2\/types\/product"}],"wp:featuredmedia":[{"embeddable":true,"href":"https:\/\/lightup.lv\/en\/wp-json\/wp\/v2\/media\/6872"}],"wp:attachment":[{"href":"https:\/\/lightup.lv\/en\/wp-json\/wp\/v2\/media?parent=6871"}],"wp:term":[{"taxonomy":"product_brand","embeddable":true,"href":"https:\/\/lightup.lv\/en\/wp-json\/wp\/v2\/product_brand?post=6871"},{"taxonomy":"product_cat","embeddable":true,"href":"https:\/\/lightup.lv\/en\/wp-json\/wp\/v2\/product_cat?post=6871"},{"taxonomy":"product_tag","embeddable":true,"href":"https:\/\/lightup.lv\/en\/wp-json\/wp\/v2\/product_tag?post=6871"}],"curies":[{"name":"wp","href":"https:\/\/api.w.org\/{rel}","templated":true}]}}