{"id":6894,"date":"2021-02-06T10:39:38","date_gmt":"2021-02-06T10:39:38","guid":{"rendered":"https:\/\/lightup.lv\/product\/mia-wardrobe-2-doors-in-white\/"},"modified":"2024-02-09T08:42:19","modified_gmt":"2024-02-09T08:42:19","slug":"mia-wardrobe-2-doors-in-white","status":"publish","type":"product","link":"https:\/\/lightup.lv\/en\/product-catalog\/mia-wardrobe-2-doors-in-white\/","title":{"rendered":"Mia Wardrobe 2 doors in White"},"content":{"rendered":"<p>Size 80x55x190 cm<\/p>\n<p> ID 208475108132<\/p>","protected":false},"excerpt":{"rendered":"<p>Dr\u0113bju skapis div\u0101s kr\u0101s\u0101s ar balt\u0101m, kr\u0101sain\u0101m durv\u012bm, ar l\u012bnij\u0101m uz aug\u0161u un ozolkoka finier\u0113jumu, tai ir klasisks stils. Divi plaukti. \u0160\u012b ir uzglab\u0101\u0161anas telpa, kas apmierin\u0101s pat visnopietn\u0101ko klientu. Vieta visam un visam sav\u0101 viet\u0101.<\/p>","protected":false},"featured_media":6895,"template":"","meta":{"_acf_changed":false},"product_brand":[],"product_cat":[30,108],"product_tag":[102],"class_list":{"0":"post-6894","1":"product","2":"type-product","3":"status-publish","4":"has-post-thumbnail","6":"product_cat-korpusa-mebeles","7":"product_cat-skapis","8":"product_tag-woodman","10":"first","11":"onbackorder","12":"shipping-taxable","13":"purchasable","14":"product-type-simple"},"acf":[],"_links":{"self":[{"href":"https:\/\/lightup.lv\/en\/wp-json\/wp\/v2\/product\/6894","targetHints":{"allow":["GET"]}}],"collection":[{"href":"https:\/\/lightup.lv\/en\/wp-json\/wp\/v2\/product"}],"about":[{"href":"https:\/\/lightup.lv\/en\/wp-json\/wp\/v2\/types\/product"}],"wp:featuredmedia":[{"embeddable":true,"href":"https:\/\/lightup.lv\/en\/wp-json\/wp\/v2\/media\/6895"}],"wp:attachment":[{"href":"https:\/\/lightup.lv\/en\/wp-json\/wp\/v2\/media?parent=6894"}],"wp:term":[{"taxonomy":"product_brand","embeddable":true,"href":"https:\/\/lightup.lv\/en\/wp-json\/wp\/v2\/product_brand?post=6894"},{"taxonomy":"product_cat","embeddable":true,"href":"https:\/\/lightup.lv\/en\/wp-json\/wp\/v2\/product_cat?post=6894"},{"taxonomy":"product_tag","embeddable":true,"href":"https:\/\/lightup.lv\/en\/wp-json\/wp\/v2\/product_tag?post=6894"}],"curies":[{"name":"wp","href":"https:\/\/api.w.org\/{rel}","templated":true}]}}