{"id":6926,"date":"2021-02-06T11:03:06","date_gmt":"2021-02-06T11:03:06","guid":{"rendered":"https:\/\/lightup.lv\/product\/lia-wardrobe-2-doors-in-dark-blue\/"},"modified":"2024-02-09T08:43:07","modified_gmt":"2024-02-09T08:43:07","slug":"lia-wardrobe-2-doors-in-dark-blue","status":"publish","type":"product","link":"https:\/\/lightup.lv\/en\/precu-katalogs\/lia-wardrobe-2-doors-in-dark-blue\/","title":{"rendered":"Lia Wardrobe 2 doors in Dark Blue"},"content":{"rendered":"<p>Size 80x55x190 cm<\/p>\n<p> ID 289475143132<\/p>","protected":false},"excerpt":{"rendered":"<p>Divkr\u0101su dr\u0113bju skapis &#8211; tum\u0161i zilas kr\u0101sas durvis ar l\u012bnij\u0101m uz aug\u0161u un ozolkoka finier\u0113jumu, tam ir racionaliz\u0113ts stils, ar piek\u0101rt\u0101m slied\u0113m un diviem plauktiem. \u0160\u012b ir uzglab\u0101\u0161anas telpa, kas apmierin\u0101s pat visnopietn\u0101ko klientu. Vieta visam un visam sav\u0101 viet\u0101.<\/p>","protected":false},"featured_media":6927,"template":"","meta":{"_acf_changed":false},"product_brand":[],"product_cat":[30,108],"product_tag":[102],"class_list":{"0":"post-6926","1":"product","2":"type-product","3":"status-publish","4":"has-post-thumbnail","6":"product_cat-korpusa-mebeles","7":"product_cat-skapis","8":"product_tag-woodman","10":"first","11":"onbackorder","12":"shipping-taxable","13":"purchasable","14":"product-type-simple"},"acf":[],"_links":{"self":[{"href":"https:\/\/lightup.lv\/en\/wp-json\/wp\/v2\/product\/6926","targetHints":{"allow":["GET"]}}],"collection":[{"href":"https:\/\/lightup.lv\/en\/wp-json\/wp\/v2\/product"}],"about":[{"href":"https:\/\/lightup.lv\/en\/wp-json\/wp\/v2\/types\/product"}],"wp:featuredmedia":[{"embeddable":true,"href":"https:\/\/lightup.lv\/en\/wp-json\/wp\/v2\/media\/6927"}],"wp:attachment":[{"href":"https:\/\/lightup.lv\/en\/wp-json\/wp\/v2\/media?parent=6926"}],"wp:term":[{"taxonomy":"product_brand","embeddable":true,"href":"https:\/\/lightup.lv\/en\/wp-json\/wp\/v2\/product_brand?post=6926"},{"taxonomy":"product_cat","embeddable":true,"href":"https:\/\/lightup.lv\/en\/wp-json\/wp\/v2\/product_cat?post=6926"},{"taxonomy":"product_tag","embeddable":true,"href":"https:\/\/lightup.lv\/en\/wp-json\/wp\/v2\/product_tag?post=6926"}],"curies":[{"name":"wp","href":"https:\/\/api.w.org\/{rel}","templated":true}]}}