{"id":7028,"date":"2021-02-09T08:54:33","date_gmt":"2021-02-09T08:54:33","guid":{"rendered":"https:\/\/lightup.lv\/product\/northgate-hat-shelf\/"},"modified":"2024-02-09T08:45:18","modified_gmt":"2024-02-09T08:45:18","slug":"northgate-hat-shelf","status":"publish","type":"product","link":"https:\/\/lightup.lv\/en\/product-catalog\/northgate-hat-shelf\/","title":{"rendered":"Northgate Hat Shelf"},"content":{"rendered":"<p>Izm\u0113rs 65x20x27 cm<\/p>\n<p> ID 139370008012<\/p>","protected":false},"excerpt":{"rendered":"<p>Ozola finier\u0113ti plaukti, balta aizmugur\u0113j\u0101 siena, 6 ner\u016bs\u0113jo\u0161\u0101 t\u0113rauda mieti\u0146i. Produktam ir gatavs peilik\u0161anai pie sienas, bet tam nav sienas stiprin\u0101juma skr\u016bvju un tapu (jo ir da\u017e\u0101du veidu sienas). Maksim\u0101lais svara ierobe\u017eojums: 50kg.<\/p>","protected":false},"featured_media":7029,"template":"","meta":{"_acf_changed":false},"product_brand":[],"product_cat":[30,112],"product_tag":[102],"class_list":{"0":"post-7028","1":"product","2":"type-product","3":"status-publish","4":"has-post-thumbnail","6":"product_cat-korpusa-mebeles","7":"product_cat-prieksnama-mebeles","8":"product_tag-woodman","10":"first","11":"onbackorder","12":"shipping-taxable","13":"purchasable","14":"product-type-simple"},"acf":[],"_links":{"self":[{"href":"https:\/\/lightup.lv\/en\/wp-json\/wp\/v2\/product\/7028","targetHints":{"allow":["GET"]}}],"collection":[{"href":"https:\/\/lightup.lv\/en\/wp-json\/wp\/v2\/product"}],"about":[{"href":"https:\/\/lightup.lv\/en\/wp-json\/wp\/v2\/types\/product"}],"wp:featuredmedia":[{"embeddable":true,"href":"https:\/\/lightup.lv\/en\/wp-json\/wp\/v2\/media\/7029"}],"wp:attachment":[{"href":"https:\/\/lightup.lv\/en\/wp-json\/wp\/v2\/media?parent=7028"}],"wp:term":[{"taxonomy":"product_brand","embeddable":true,"href":"https:\/\/lightup.lv\/en\/wp-json\/wp\/v2\/product_brand?post=7028"},{"taxonomy":"product_cat","embeddable":true,"href":"https:\/\/lightup.lv\/en\/wp-json\/wp\/v2\/product_cat?post=7028"},{"taxonomy":"product_tag","embeddable":true,"href":"https:\/\/lightup.lv\/en\/wp-json\/wp\/v2\/product_tag?post=7028"}],"curies":[{"name":"wp","href":"https:\/\/api.w.org\/{rel}","templated":true}]}}