{"id":7042,"date":"2021-02-09T09:04:01","date_gmt":"2021-02-09T09:04:01","guid":{"rendered":"https:\/\/lightup.lv\/product\/hannover-shoe-unit-2-door\/"},"modified":"2024-02-09T08:45:38","modified_gmt":"2024-02-09T08:45:38","slug":"hannover-shoe-unit-2-door","status":"publish","type":"product","link":"https:\/\/lightup.lv\/en\/product-catalog\/hannover-shoe-unit-2-door\/","title":{"rendered":"Hannover Shoe Unit \u2013 2 doors"},"content":{"rendered":"<p>Izm\u0113rs 84x26x107 cm<\/p>\n<p> ID 170358204072<\/p>","protected":false},"excerpt":{"rendered":"<p>Apavu skapis izgatavots no tum\u0161i pel\u0113ka kokmateri\u0101la. Der vid\u0113ji 12 apavu p\u0101ri, maksim\u0101lais svars ~ 25kg. Augstums starp gr\u012bdu un pamatni ir 10 cm.<\/p>","protected":false},"featured_media":7043,"template":"","meta":{"_acf_changed":false},"product_brand":[],"product_cat":[30,112],"product_tag":[102],"class_list":{"0":"post-7042","1":"product","2":"type-product","3":"status-publish","4":"has-post-thumbnail","6":"product_cat-korpusa-mebeles","7":"product_cat-prieksnama-mebeles","8":"product_tag-woodman","10":"first","11":"onbackorder","12":"shipping-taxable","13":"purchasable","14":"product-type-simple"},"acf":[],"_links":{"self":[{"href":"https:\/\/lightup.lv\/en\/wp-json\/wp\/v2\/product\/7042","targetHints":{"allow":["GET"]}}],"collection":[{"href":"https:\/\/lightup.lv\/en\/wp-json\/wp\/v2\/product"}],"about":[{"href":"https:\/\/lightup.lv\/en\/wp-json\/wp\/v2\/types\/product"}],"wp:featuredmedia":[{"embeddable":true,"href":"https:\/\/lightup.lv\/en\/wp-json\/wp\/v2\/media\/7043"}],"wp:attachment":[{"href":"https:\/\/lightup.lv\/en\/wp-json\/wp\/v2\/media?parent=7042"}],"wp:term":[{"taxonomy":"product_brand","embeddable":true,"href":"https:\/\/lightup.lv\/en\/wp-json\/wp\/v2\/product_brand?post=7042"},{"taxonomy":"product_cat","embeddable":true,"href":"https:\/\/lightup.lv\/en\/wp-json\/wp\/v2\/product_cat?post=7042"},{"taxonomy":"product_tag","embeddable":true,"href":"https:\/\/lightup.lv\/en\/wp-json\/wp\/v2\/product_tag?post=7042"}],"curies":[{"name":"wp","href":"https:\/\/api.w.org\/{rel}","templated":true}]}}