{"id":7090,"date":"2021-02-09T10:44:36","date_gmt":"2021-02-09T10:44:36","guid":{"rendered":"https:\/\/lightup.lv\/product\/august-h3\/"},"modified":"2024-02-13T11:53:07","modified_gmt":"2024-02-13T11:53:07","slug":"august-h3","status":"publish","type":"product","link":"https:\/\/lightup.lv\/en\/precu-katalogs\/august-h3\/","title":{"rendered":"August H3"},"content":{"rendered":"<p>Dimensions:<br \/>\nPlatums: 128 cm un 158 cm<br \/>\nHeight: 185 cm<br \/>\nDepth: 75 cm<br \/>\nSeat depth: 48 cm<br \/>\nSeat height: 45 cm<\/p>\n<p>5 year warranty.<\/p>\n<p>Cena s\u0101kot NO: 3596,12 eiro<br \/>\nThe price depends on the configuration and the selected fabric shade.<\/p>\n<p>\u2013 Various sizes available<br \/>\n\u2013 Various fabrics and shades available<br \/>\n\u2013 Individual solutions available<br \/>\n\u2013 3D models available<br \/>\nContact us and we will tell you everything in detail.<\/p>\n<p>ID August H3<\/p>","protected":false},"excerpt":{"rendered":"<p>A series of high-quality sofas with sound-absorbing properties designed specifically for open-plan work environments. The sofas come in a range of widths and heights, allowing you to create free-standing privacy \u201cislands\u201d of various shapes and sizes where you can hold mini-meetings, delve into documents or make important phone calls away from the busier workspaces.<br \/>\nAsimetriski atzveltnes spilveni, kas l\u012bdzin\u0101s j\u016bras akme\u0146iem, nodro\u0161ina dizaina akcentu. Augstas kvalit\u0101tes materi\u0101li nodro\u0161ina, ka J\u016bs varat pa\u013cauties uz to, ka d\u012bv\u0101ni kalpos ilgu laiku J\u016bsu biroja vajadz\u012bb\u0101m.<\/p>","protected":false},"featured_media":7091,"template":"","meta":{"_acf_changed":false},"product_brand":[],"product_cat":[101,113],"product_tag":[114],"class_list":{"0":"post-7090","1":"product","2":"type-product","3":"status-publish","4":"has-post-thumbnail","6":"product_cat-biroja-mebeles","7":"product_cat-uzgaidamie-divani","8":"product_tag-intuit","10":"first","11":"instock","12":"shipping-taxable","13":"purchasable","14":"product-type-simple"},"acf":[],"_links":{"self":[{"href":"https:\/\/lightup.lv\/en\/wp-json\/wp\/v2\/product\/7090","targetHints":{"allow":["GET"]}}],"collection":[{"href":"https:\/\/lightup.lv\/en\/wp-json\/wp\/v2\/product"}],"about":[{"href":"https:\/\/lightup.lv\/en\/wp-json\/wp\/v2\/types\/product"}],"wp:featuredmedia":[{"embeddable":true,"href":"https:\/\/lightup.lv\/en\/wp-json\/wp\/v2\/media\/7091"}],"wp:attachment":[{"href":"https:\/\/lightup.lv\/en\/wp-json\/wp\/v2\/media?parent=7090"}],"wp:term":[{"taxonomy":"product_brand","embeddable":true,"href":"https:\/\/lightup.lv\/en\/wp-json\/wp\/v2\/product_brand?post=7090"},{"taxonomy":"product_cat","embeddable":true,"href":"https:\/\/lightup.lv\/en\/wp-json\/wp\/v2\/product_cat?post=7090"},{"taxonomy":"product_tag","embeddable":true,"href":"https:\/\/lightup.lv\/en\/wp-json\/wp\/v2\/product_tag?post=7090"}],"curies":[{"name":"wp","href":"https:\/\/api.w.org\/{rel}","templated":true}]}}