{"id":723,"date":"2019-11-28T10:14:21","date_gmt":"2019-11-28T10:14:21","guid":{"rendered":"https:\/\/lightup.lv\/product\/cloud-chair-vintage-light-brown\/"},"modified":"2024-01-18T15:02:15","modified_gmt":"2024-01-18T15:02:15","slug":"cloud-chair-vintage-light-brown","status":"publish","type":"product","link":"https:\/\/lightup.lv\/en\/product-catalog\/cloud-chair-vintage-light-brown\/","title":{"rendered":"Cloud chair &#8211; vintage light brown"},"content":{"rendered":"<p>Chair height \u2013 85cm<\/p>\n<p>Chair length \u2013 50 cm<\/p>\n<p>Seat width \u2013 56 cm<\/p>\n<p>Seat height \u2013 48 cm<\/p>\n<p>\u0100das s\u0113\u017eam\u0101 da\u013ca ar meln\u0101m met\u0101la k\u0101j\u0101m<\/p>\n<p> ID 100800210<\/p>","protected":false},"excerpt":{"rendered":"<p>DAN-FORM is a Danish brand of high-quality furniture designed and manufactured. The range includes dining chairs, bar stools, lounge chairs, office chairs and tables. The furniture offered by DAN-FORM is designed to be affordable and can be used in restaurants, hotels, offices and households. The manufacturer&#039;s range includes leather, artificial leather, fabric, metal and plastic chairs, as well as wooden tables and coffee tables.<\/p>","protected":false},"featured_media":724,"template":"","meta":{"_acf_changed":false},"product_brand":[],"product_cat":[28,38],"product_tag":[],"class_list":{"0":"post-723","1":"product","2":"type-product","3":"status-publish","4":"has-post-thumbnail","6":"product_cat-kresli","7":"product_cat-kresli-pie-galda","9":"first","10":"instock","11":"shipping-taxable","12":"purchasable","13":"product-type-simple"},"acf":[],"_links":{"self":[{"href":"https:\/\/lightup.lv\/en\/wp-json\/wp\/v2\/product\/723","targetHints":{"allow":["GET"]}}],"collection":[{"href":"https:\/\/lightup.lv\/en\/wp-json\/wp\/v2\/product"}],"about":[{"href":"https:\/\/lightup.lv\/en\/wp-json\/wp\/v2\/types\/product"}],"wp:featuredmedia":[{"embeddable":true,"href":"https:\/\/lightup.lv\/en\/wp-json\/wp\/v2\/media\/724"}],"wp:attachment":[{"href":"https:\/\/lightup.lv\/en\/wp-json\/wp\/v2\/media?parent=723"}],"wp:term":[{"taxonomy":"product_brand","embeddable":true,"href":"https:\/\/lightup.lv\/en\/wp-json\/wp\/v2\/product_brand?post=723"},{"taxonomy":"product_cat","embeddable":true,"href":"https:\/\/lightup.lv\/en\/wp-json\/wp\/v2\/product_cat?post=723"},{"taxonomy":"product_tag","embeddable":true,"href":"https:\/\/lightup.lv\/en\/wp-json\/wp\/v2\/product_tag?post=723"}],"curies":[{"name":"wp","href":"https:\/\/api.w.org\/{rel}","templated":true}]}}