{"id":7284,"date":"2021-02-11T08:46:33","date_gmt":"2021-02-11T08:46:33","guid":{"rendered":"https:\/\/lightup.lv\/product\/lilja\/"},"modified":"2024-02-13T11:22:18","modified_gmt":"2024-02-13T11:22:18","slug":"lilja","status":"publish","type":"product","link":"https:\/\/lightup.lv\/en\/precu-katalogs\/lilja\/","title":{"rendered":"Lilja"},"content":{"rendered":"<p>Dimensions:<br \/>\nPlatuma opcija: 70 cm, 140 cm, 210 cm<br \/>\nDzi\u013cums: 80 cm<br \/>\nHeight: 70 cm<br \/>\n5 year warranty.<\/p>\n<p>Cena s\u0101kot NO: 963,16 eiro<br \/>\nThe price depends on the configuration and the selected fabric shade.<\/p>\n<p>\u2013 Various sizes available<br \/>\n\u2013 Various fabrics and shades available<br \/>\n\u2013 Individual solutions available<br \/>\n\u2013 3D models available<br \/>\nContact us and we will tell you everything in detail.<\/p>\n<p>ID Lilja<\/p>","protected":false},"excerpt":{"rendered":"<p>Lilja tika izstr\u0101d\u0101ta sadarb\u012bb\u0101 ar somu dizaineri Samuli Naamanku. T\u0101 harmonija un m\u016b\u017e\u012bba padara to par \u012bstu p\u0113rli publiskaj\u0101 telp\u0101. Silts un draudz\u012bgs mas\u012bvkoks un elegantas l\u012bnijas veido pat\u012bkamu m\u0113beli, kas atspogu\u013co zieme\u013cnieku attieksmi pret stilu un kvalit\u0101ti.<br \/>\nViena no vissvar\u012bg\u0101kaj\u0101m Lilja \u012bpa\u0161\u012bb\u0101m ir t\u0101, ka t\u0101 ir modul\u0101ra. J\u016bs varat sp\u0113l\u0113ties un izveidot daudzveid\u012bgas kombin\u0101cijas telp\u0101m ar da\u017e\u0101d\u0101m funkcij\u0101m, k\u0101 ar\u012b padar\u012bt d\u012bv\u0101nu v\u0113l personisk\u0101ku, izv\u0113loties sev v\u0113lam\u0101s kr\u0101sas un roku balstus. \u0160\u012b d\u012bv\u0101na siltums un ergonomiskais dizains aicina j\u016bs ie\u0146emt vietu. Tas ir patiesi \u0113rts.<\/p>","protected":false},"featured_media":7285,"template":"","meta":{"_acf_changed":false},"product_brand":[],"product_cat":[101,113],"product_tag":[114],"class_list":{"0":"post-7284","1":"product","2":"type-product","3":"status-publish","4":"has-post-thumbnail","6":"product_cat-biroja-mebeles","7":"product_cat-uzgaidamie-divani","8":"product_tag-intuit","10":"first","11":"instock","12":"shipping-taxable","13":"purchasable","14":"product-type-simple"},"acf":[],"_links":{"self":[{"href":"https:\/\/lightup.lv\/en\/wp-json\/wp\/v2\/product\/7284","targetHints":{"allow":["GET"]}}],"collection":[{"href":"https:\/\/lightup.lv\/en\/wp-json\/wp\/v2\/product"}],"about":[{"href":"https:\/\/lightup.lv\/en\/wp-json\/wp\/v2\/types\/product"}],"wp:featuredmedia":[{"embeddable":true,"href":"https:\/\/lightup.lv\/en\/wp-json\/wp\/v2\/media\/7285"}],"wp:attachment":[{"href":"https:\/\/lightup.lv\/en\/wp-json\/wp\/v2\/media?parent=7284"}],"wp:term":[{"taxonomy":"product_brand","embeddable":true,"href":"https:\/\/lightup.lv\/en\/wp-json\/wp\/v2\/product_brand?post=7284"},{"taxonomy":"product_cat","embeddable":true,"href":"https:\/\/lightup.lv\/en\/wp-json\/wp\/v2\/product_cat?post=7284"},{"taxonomy":"product_tag","embeddable":true,"href":"https:\/\/lightup.lv\/en\/wp-json\/wp\/v2\/product_tag?post=7284"}],"curies":[{"name":"wp","href":"https:\/\/api.w.org\/{rel}","templated":true}]}}