{"id":7309,"date":"2021-02-11T09:40:04","date_gmt":"2021-02-11T09:40:04","guid":{"rendered":"https:\/\/lightup.lv\/product\/sans-wide-armchair-walls\/"},"modified":"2024-02-13T11:16:52","modified_gmt":"2024-02-13T11:16:52","slug":"sans-wide-armchair-walls","status":"publish","type":"product","link":"https:\/\/lightup.lv\/en\/precu-katalogs\/sans-wide-armchair-walls\/","title":{"rendered":"SANS wide armchair + walls"},"content":{"rendered":"<p>Da\u017e\u0101di izm\u0113ri.<br \/>\n5 year warranty.<\/p>\n<p>Cena s\u0101kot NO: 2325,62 eiro<br \/>\nThe price depends on the configuration and the selected fabric shade.<\/p>\n<p>\u2013 Various sizes available<br \/>\n\u2013 Various fabrics and shades available<br \/>\n\u2013 Individual solutions available<br \/>\n\u2013 3D models available<br \/>\nContact us and we will tell you everything in detail.<\/p>\n<p>ID SANS wide armchair + walls<\/p>","protected":false},"excerpt":{"rendered":"<p>A sofa for use in public spaces, Sans is not only comfortable \u2013 it&#039;s so cozy you might never want to leave!<br \/>\nThe soft padding is offset by a slim metal base. It&#039;s a great place to get some work done or gather your thoughts while power outlets and a USB port keep you connected to the outside world.<br \/>\nSans has great modularity and the ability to use high walls so that if necessary you can add them to increase privacy and improve acoustics.<\/p>","protected":false},"featured_media":7310,"template":"","meta":{"_acf_changed":false},"product_brand":[],"product_cat":[101,113],"product_tag":[114],"class_list":{"0":"post-7309","1":"product","2":"type-product","3":"status-publish","4":"has-post-thumbnail","6":"product_cat-biroja-mebeles","7":"product_cat-uzgaidamie-divani","8":"product_tag-intuit","10":"first","11":"instock","12":"shipping-taxable","13":"purchasable","14":"product-type-simple"},"acf":[],"_links":{"self":[{"href":"https:\/\/lightup.lv\/en\/wp-json\/wp\/v2\/product\/7309","targetHints":{"allow":["GET"]}}],"collection":[{"href":"https:\/\/lightup.lv\/en\/wp-json\/wp\/v2\/product"}],"about":[{"href":"https:\/\/lightup.lv\/en\/wp-json\/wp\/v2\/types\/product"}],"wp:featuredmedia":[{"embeddable":true,"href":"https:\/\/lightup.lv\/en\/wp-json\/wp\/v2\/media\/7310"}],"wp:attachment":[{"href":"https:\/\/lightup.lv\/en\/wp-json\/wp\/v2\/media?parent=7309"}],"wp:term":[{"taxonomy":"product_brand","embeddable":true,"href":"https:\/\/lightup.lv\/en\/wp-json\/wp\/v2\/product_brand?post=7309"},{"taxonomy":"product_cat","embeddable":true,"href":"https:\/\/lightup.lv\/en\/wp-json\/wp\/v2\/product_cat?post=7309"},{"taxonomy":"product_tag","embeddable":true,"href":"https:\/\/lightup.lv\/en\/wp-json\/wp\/v2\/product_tag?post=7309"}],"curies":[{"name":"wp","href":"https:\/\/api.w.org\/{rel}","templated":true}]}}