{"id":8539,"date":"2021-03-23T09:34:15","date_gmt":"2021-03-23T09:34:15","guid":{"rendered":"https:\/\/lightup.lv\/product\/cannes-kresls-ar-roku-balstiem-pits\/"},"modified":"2024-07-10T09:08:15","modified_gmt":"2024-07-10T07:08:15","slug":"cannes-kresls-ar-roku-balstiem-pits","status":"publish","type":"product","link":"https:\/\/lightup.lv\/en\/precu-katalogs\/cannes-kresls-ar-roku-balstiem-pits\/","title":{"rendered":"CANNES kr\u0113sls ar roku balstiem, tekstil\u0113ns"},"content":{"rendered":"<p>Kr\u0101sa : Antrac\u012bts\/Taupe, Melns\/Tum\u0161i za\u013c\u0161<br \/>\nSeat height: 45 cm<br \/>\nChair width: 60 cm<br \/>\nChair height: 79 cm<br \/>\nCinkots t\u0113rauda r\u0101mis, stingra tekstil\u0113na <span class=\"HwtZe\" lang=\"lv\"><span class=\"jCAhz JxVs2d ChMk0b\"><span class=\"ryNqvb\">virves un polietil\u0113na <\/span><\/span><\/span>s\u0113\u017eam\u0101 da\u013ca un atzveltne.<\/p>\n<p>ID CANNESPOLTRONCINA<\/p>","protected":false},"excerpt":{"rendered":"<p>Grattoni was founded in 1972 in San Giovanni al Natisone \u2013 the heart of Italy\u2019s chair district \u2013 as a manufacturer of classic design chairs. In 2010, the company specialized in commercial activities by importing quality patio furniture. Among these are chairs, sofas, armchairs, tables and table bases for indoor and outdoor use, designed for the residential and hospitality world.<\/p>","protected":false},"featured_media":34034,"template":"","meta":{"_acf_changed":false},"product_brand":[],"product_cat":[51,213,50],"product_tag":[66],"class_list":{"0":"post-8539","1":"product","2":"type-product","3":"status-publish","4":"has-post-thumbnail","6":"product_cat-kresli-terases-mebeles","7":"product_cat-salona-pieejams","8":"product_cat-terases-mebeles","9":"product_tag-grattoni","11":"first","12":"instock","13":"shipping-taxable","14":"purchasable","15":"product-type-simple"},"acf":[],"_links":{"self":[{"href":"https:\/\/lightup.lv\/en\/wp-json\/wp\/v2\/product\/8539","targetHints":{"allow":["GET"]}}],"collection":[{"href":"https:\/\/lightup.lv\/en\/wp-json\/wp\/v2\/product"}],"about":[{"href":"https:\/\/lightup.lv\/en\/wp-json\/wp\/v2\/types\/product"}],"wp:featuredmedia":[{"embeddable":true,"href":"https:\/\/lightup.lv\/en\/wp-json\/wp\/v2\/media\/34034"}],"wp:attachment":[{"href":"https:\/\/lightup.lv\/en\/wp-json\/wp\/v2\/media?parent=8539"}],"wp:term":[{"taxonomy":"product_brand","embeddable":true,"href":"https:\/\/lightup.lv\/en\/wp-json\/wp\/v2\/product_brand?post=8539"},{"taxonomy":"product_cat","embeddable":true,"href":"https:\/\/lightup.lv\/en\/wp-json\/wp\/v2\/product_cat?post=8539"},{"taxonomy":"product_tag","embeddable":true,"href":"https:\/\/lightup.lv\/en\/wp-json\/wp\/v2\/product_tag?post=8539"}],"curies":[{"name":"wp","href":"https:\/\/api.w.org\/{rel}","templated":true}]}}