{"id":8637,"date":"2021-03-30T06:59:11","date_gmt":"2021-03-30T06:59:11","guid":{"rendered":"https:\/\/lightup.lv\/product\/alv0ry-terases-komplekts\/"},"modified":"2024-01-29T18:04:26","modified_gmt":"2024-01-29T18:04:26","slug":"alv0ry-terases-komplekts","status":"publish","type":"product","link":"https:\/\/lightup.lv\/en\/product-catalog\/alv0ry-terases-komplekts\/","title":{"rendered":"ALVORY terases komplekts"},"content":{"rendered":"<p>ALV0RY terases komplekts \/ iesp\u0113jams pas\u016bt\u012bt katru produktu atsevi\u0161\u0137i<br \/>\nKr\u0101sas : Balts\/gai\u0161i pel\u0113ks, antrac\u012bts\/tum\u0161i pel\u0113ks.<br \/>\nKomplekts sast\u0101v no diviem liel\u0101kiem d\u012bv\u0101niem, viena maz\u0101ka d\u012bv\u0101na, st\u016bra un \u017eurn\u0101lu galdi\u0146a.<\/p>\n<p>ALV0RY terases m\u0113be\u013cu komplekts, alum\u012bnija r\u0101mis, mitrumiztur\u012bg\u0101 auduma s\u0113de.<\/p>\n<p>D\u012bv\u0101ns : 1917,85 euro<br \/>\nS\u0113des augstums : 36 cm<br \/>\nPlatums : 160 cm<br \/>\nAugstums : 67 cm<\/p>\n<p>St\u016bris : 1222,10 euro<br \/>\nS\u0113des augstums : 36 cm<br \/>\nPlatums : 85 cm<br \/>\nAugstums : 67 cm<\/p>\n<p>Maz\u0101kais d\u012bv\u0101ns: 1016,40 euro<br \/>\nS\u0113des augstums : 36 cm<br \/>\nPlatums : 70 cm<br \/>\nAugstums : 67 cm<\/p>\n<p>Galdi\u0146s: 544,50 euro<br \/>\nAugstums: 30 cm<br \/>\nLength: 120 cm<br \/>\nWidth: 60 cm<\/p>\n<p>ID ALVORY<\/p>","protected":false},"excerpt":{"rendered":"<p>Grattoni dibin\u0101ts 1972. gad\u0101 San Giovanni al Natisone \u2013 It\u0101lijas kr\u0113slu rajona centr\u0101 \u2013 k\u0101 klasisk\u0101 dizaina kr\u0113slu ra\u017eot\u0101js, uz\u0146\u0113mums 2010. gad\u0101 specializ\u0113j\u0101s komerci\u0101l\u0101 darb\u012bb\u0101, import\u0113jot kvalitat\u012bvas terases m\u0113beles. Starp \u0161iem kr\u0113sliem, d\u012bv\u0101niem, atzveltnes kr\u0113sliem, galdiem un galda pamatiem iek\u0161telp\u0101m un \u0101ra, kas paredz\u0113ti dz\u012bvojamo un horeca pasaulei.<\/p>","protected":false},"featured_media":8638,"template":"","meta":{"_acf_changed":false},"product_brand":[],"product_cat":[73,50],"product_tag":[66],"class_list":{"0":"post-8637","1":"product","2":"type-product","3":"status-publish","4":"has-post-thumbnail","6":"product_cat-divani-terases","7":"product_cat-terases-mebeles","8":"product_tag-grattoni","10":"first","11":"instock","12":"shipping-taxable","13":"purchasable","14":"product-type-simple"},"acf":[],"_links":{"self":[{"href":"https:\/\/lightup.lv\/en\/wp-json\/wp\/v2\/product\/8637","targetHints":{"allow":["GET"]}}],"collection":[{"href":"https:\/\/lightup.lv\/en\/wp-json\/wp\/v2\/product"}],"about":[{"href":"https:\/\/lightup.lv\/en\/wp-json\/wp\/v2\/types\/product"}],"wp:featuredmedia":[{"embeddable":true,"href":"https:\/\/lightup.lv\/en\/wp-json\/wp\/v2\/media\/8638"}],"wp:attachment":[{"href":"https:\/\/lightup.lv\/en\/wp-json\/wp\/v2\/media?parent=8637"}],"wp:term":[{"taxonomy":"product_brand","embeddable":true,"href":"https:\/\/lightup.lv\/en\/wp-json\/wp\/v2\/product_brand?post=8637"},{"taxonomy":"product_cat","embeddable":true,"href":"https:\/\/lightup.lv\/en\/wp-json\/wp\/v2\/product_cat?post=8637"},{"taxonomy":"product_tag","embeddable":true,"href":"https:\/\/lightup.lv\/en\/wp-json\/wp\/v2\/product_tag?post=8637"}],"curies":[{"name":"wp","href":"https:\/\/api.w.org\/{rel}","templated":true}]}}