{"id":8678,"date":"2021-04-01T07:26:44","date_gmt":"2021-04-01T07:26:44","guid":{"rendered":"https:\/\/lightup.lv\/product\/panama-saulosanas-kresls-gulta\/"},"modified":"2024-01-29T17:47:06","modified_gmt":"2024-01-29T17:47:06","slug":"panama-saulosanas-kresls-gulta","status":"publish","type":"product","link":"https:\/\/lightup.lv\/en\/product-catalog\/panama-saulosanas-kresls-gulta\/","title":{"rendered":"PANAMA sau\u013co\u0161an\u0101s kr\u0113sls\/gulta"},"content":{"rendered":"<p>Alum\u012bnija sau\u013co\u0161an\u0101s kr\u0113sls p\u0101rkl\u0101ts ar tekstil\u0113nu un gumijas virvi. Matracis polster\u0113ts ar \u016bdensiztur\u012bgu audumu.<br \/>\nPiem\u0113rots izmanto\u0161anai \u0101rpus telp\u0101m.<br \/>\nKr\u0101sas : Melns\/taupe, antrac\u012bts\/br\u016bns, balts\/b\u0113\u0161s<\/p>\n<p>Dimensions:<br \/>\nAugstums: 74 cm<br \/>\nS\u0113des augstums: 40 cm<br \/>\nGarums: 156 cm<br \/>\nWidth: 160 cm<\/p>\n<p>ID PANAMADAYBED<\/p>","protected":false},"excerpt":{"rendered":"<p>Grattoni dibin\u0101ts 1972. gad\u0101 San Giovanni al Natisone \u2013 It\u0101lijas kr\u0113slu rajona centr\u0101 \u2013 k\u0101 klasisk\u0101 dizaina kr\u0113slu ra\u017eot\u0101js, uz\u0146\u0113mums 2010. gad\u0101 specializ\u0113j\u0101s komerci\u0101l\u0101 darb\u012bb\u0101, import\u0113jot kvalitat\u012bvas terases m\u0113beles. Starp \u0161iem kr\u0113sliem, d\u012bv\u0101niem, atzveltnes kr\u0113sliem, galdiem un galda pamatiem iek\u0161telp\u0101m un \u0101ra, kas paredz\u0113ti dz\u012bvojamo un horeca pasaulei.<\/p>","protected":false},"featured_media":8679,"template":"","meta":{"_acf_changed":false},"product_brand":[],"product_cat":[73,50],"product_tag":[66],"class_list":{"0":"post-8678","1":"product","2":"type-product","3":"status-publish","4":"has-post-thumbnail","6":"product_cat-divani-terases","7":"product_cat-terases-mebeles","8":"product_tag-grattoni","10":"first","11":"instock","12":"shipping-taxable","13":"purchasable","14":"product-type-simple"},"acf":[],"_links":{"self":[{"href":"https:\/\/lightup.lv\/en\/wp-json\/wp\/v2\/product\/8678","targetHints":{"allow":["GET"]}}],"collection":[{"href":"https:\/\/lightup.lv\/en\/wp-json\/wp\/v2\/product"}],"about":[{"href":"https:\/\/lightup.lv\/en\/wp-json\/wp\/v2\/types\/product"}],"wp:featuredmedia":[{"embeddable":true,"href":"https:\/\/lightup.lv\/en\/wp-json\/wp\/v2\/media\/8679"}],"wp:attachment":[{"href":"https:\/\/lightup.lv\/en\/wp-json\/wp\/v2\/media?parent=8678"}],"wp:term":[{"taxonomy":"product_brand","embeddable":true,"href":"https:\/\/lightup.lv\/en\/wp-json\/wp\/v2\/product_brand?post=8678"},{"taxonomy":"product_cat","embeddable":true,"href":"https:\/\/lightup.lv\/en\/wp-json\/wp\/v2\/product_cat?post=8678"},{"taxonomy":"product_tag","embeddable":true,"href":"https:\/\/lightup.lv\/en\/wp-json\/wp\/v2\/product_tag?post=8678"}],"curies":[{"name":"wp","href":"https:\/\/api.w.org\/{rel}","templated":true}]}}