{"id":8775,"date":"2021-04-07T05:12:15","date_gmt":"2021-04-07T05:12:15","guid":{"rendered":"https:\/\/lightup.lv\/product\/milo-terases-galds\/"},"modified":"2024-01-29T17:29:42","modified_gmt":"2024-01-29T17:29:42","slug":"milo-terases-galds","status":"publish","type":"product","link":"https:\/\/lightup.lv\/en\/product-catalog\/milo-terases-galds\/","title":{"rendered":"MILO terases galds"},"content":{"rendered":"<p>MILO izvelkams alum\u012bnija terases galds ar HPL virsmu.<br \/>\nPiem\u0113rots izmanto\u0161anai \u0101rpus telp\u0101m.<br \/>\nKr\u0101sas : Balta\/antrac\u012bts\/melns<\/p>\n<p>Dimensions:<br \/>\nHeight: 75 cm<br \/>\nGarums: 205 cm<br \/>\nPlatums: 105 cm<\/p>\n<p>ID MILO ALLUNGABILETAVOLO<\/p>","protected":false},"excerpt":{"rendered":"<p>Grattoni dibin\u0101ts 1972. gad\u0101 San Giovanni al Natisone \u2013 It\u0101lijas kr\u0113slu rajona centr\u0101 \u2013 k\u0101 klasisk\u0101 dizaina kr\u0113slu ra\u017eot\u0101js, uz\u0146\u0113mums 2010. gad\u0101 specializ\u0113j\u0101s komerci\u0101l\u0101 darb\u012bb\u0101, import\u0113jot kvalitat\u012bvas terases m\u0113beles. Starp \u0161iem kr\u0113sliem, d\u012bv\u0101niem, atzveltnes kr\u0113sliem, galdiem un galda pamatiem iek\u0161telp\u0101m un \u0101ra, kas paredz\u0113ti dz\u012bvojamo un horeca pasaulei.<\/p>","protected":false},"featured_media":8776,"template":"","meta":{"_acf_changed":false},"product_brand":[],"product_cat":[57,50],"product_tag":[66],"class_list":{"0":"post-8775","1":"product","2":"type-product","3":"status-publish","4":"has-post-thumbnail","6":"product_cat-galdi-terases-mebeles","7":"product_cat-terases-mebeles","8":"product_tag-grattoni","10":"first","11":"instock","12":"shipping-taxable","13":"purchasable","14":"product-type-simple"},"acf":[],"_links":{"self":[{"href":"https:\/\/lightup.lv\/en\/wp-json\/wp\/v2\/product\/8775","targetHints":{"allow":["GET"]}}],"collection":[{"href":"https:\/\/lightup.lv\/en\/wp-json\/wp\/v2\/product"}],"about":[{"href":"https:\/\/lightup.lv\/en\/wp-json\/wp\/v2\/types\/product"}],"wp:featuredmedia":[{"embeddable":true,"href":"https:\/\/lightup.lv\/en\/wp-json\/wp\/v2\/media\/8776"}],"wp:attachment":[{"href":"https:\/\/lightup.lv\/en\/wp-json\/wp\/v2\/media?parent=8775"}],"wp:term":[{"taxonomy":"product_brand","embeddable":true,"href":"https:\/\/lightup.lv\/en\/wp-json\/wp\/v2\/product_brand?post=8775"},{"taxonomy":"product_cat","embeddable":true,"href":"https:\/\/lightup.lv\/en\/wp-json\/wp\/v2\/product_cat?post=8775"},{"taxonomy":"product_tag","embeddable":true,"href":"https:\/\/lightup.lv\/en\/wp-json\/wp\/v2\/product_tag?post=8775"}],"curies":[{"name":"wp","href":"https:\/\/api.w.org\/{rel}","templated":true}]}}