{"id":8797,"date":"2021-04-07T05:32:12","date_gmt":"2021-04-07T05:32:12","guid":{"rendered":"https:\/\/lightup.lv\/product\/lipari-terases-galds\/"},"modified":"2024-01-29T17:26:06","modified_gmt":"2024-01-29T17:26:06","slug":"lipari-terases-galds","status":"publish","type":"product","link":"https:\/\/lightup.lv\/en\/product-catalog\/lipari-terases-galds\/","title":{"rendered":"LIPARI terases galds"},"content":{"rendered":"<p>LIPARI izvelkams kr\u0101sota alum\u012bnija terases galds ar alum\u012bnija lok\u0161\u0146u virsmu.<br \/>\nPiem\u0113rots izmanto\u0161anai \u0101rpus telp\u0101m.<\/p>\n<p>Kr\u0101sas : Balta\/antrac\u012bts\/ gai\u0161s taupe<\/p>\n<p>Dimensions:<br \/>\nAugstums: 76 cm<br \/>\nGarums: 180 &#8211; 240 cm<br \/>\nPlatums: 100 cm<\/p>\n<p>ID LIPARITAVOLO<\/p>","protected":false},"excerpt":{"rendered":"<p>Grattoni dibin\u0101ts 1972. gad\u0101 San Giovanni al Natisone \u2013 It\u0101lijas kr\u0113slu rajona centr\u0101 \u2013 k\u0101 klasisk\u0101 dizaina kr\u0113slu ra\u017eot\u0101js, uz\u0146\u0113mums 2010. gad\u0101 specializ\u0113j\u0101s komerci\u0101l\u0101 darb\u012bb\u0101, import\u0113jot kvalitat\u012bvas terases m\u0113beles. Starp \u0161iem kr\u0113sliem, d\u012bv\u0101niem, atzveltnes kr\u0113sliem, galdiem un galda pamatiem iek\u0161telp\u0101m un \u0101ra, kas paredz\u0113ti dz\u012bvojamo un horeca pasaulei.<\/p>","protected":false},"featured_media":8798,"template":"","meta":{"_acf_changed":false},"product_brand":[],"product_cat":[57,50],"product_tag":[66],"class_list":{"0":"post-8797","1":"product","2":"type-product","3":"status-publish","4":"has-post-thumbnail","6":"product_cat-galdi-terases-mebeles","7":"product_cat-terases-mebeles","8":"product_tag-grattoni","10":"first","11":"instock","12":"shipping-taxable","13":"purchasable","14":"product-type-simple"},"acf":[],"_links":{"self":[{"href":"https:\/\/lightup.lv\/en\/wp-json\/wp\/v2\/product\/8797","targetHints":{"allow":["GET"]}}],"collection":[{"href":"https:\/\/lightup.lv\/en\/wp-json\/wp\/v2\/product"}],"about":[{"href":"https:\/\/lightup.lv\/en\/wp-json\/wp\/v2\/types\/product"}],"wp:featuredmedia":[{"embeddable":true,"href":"https:\/\/lightup.lv\/en\/wp-json\/wp\/v2\/media\/8798"}],"wp:attachment":[{"href":"https:\/\/lightup.lv\/en\/wp-json\/wp\/v2\/media?parent=8797"}],"wp:term":[{"taxonomy":"product_brand","embeddable":true,"href":"https:\/\/lightup.lv\/en\/wp-json\/wp\/v2\/product_brand?post=8797"},{"taxonomy":"product_cat","embeddable":true,"href":"https:\/\/lightup.lv\/en\/wp-json\/wp\/v2\/product_cat?post=8797"},{"taxonomy":"product_tag","embeddable":true,"href":"https:\/\/lightup.lv\/en\/wp-json\/wp\/v2\/product_tag?post=8797"}],"curies":[{"name":"wp","href":"https:\/\/api.w.org\/{rel}","templated":true}]}}