{"id":90,"date":"2018-07-23T10:48:44","date_gmt":"2018-07-23T10:48:44","guid":{"rendered":"https:\/\/lightup.lv\/product\/flow-akustiskie-sienas-paneli\/"},"modified":"2025-03-14T16:29:04","modified_gmt":"2025-03-14T14:29:04","slug":"flow-akustiskie-sienas-paneli","status":"publish","type":"product","link":"https:\/\/lightup.lv\/en\/precu-katalogs\/flow-akustiskie-sienas-paneli\/","title":{"rendered":"Flow akustiskie sienas pane\u013ci"},"content":{"rendered":"<p><span style=\"font-family: georgia, palatino, serif;\">Dimensions:<\/span><\/p>\n<p><span style=\"font-family: georgia, palatino, serif;\">500 x 355 x 20\/50 mm<\/span><\/p>\n<p><span style=\"font-family: georgia, palatino, serif;\">Additional assembly glue is required.\u00a0<\/span><\/p>\n<p>ID Flow<\/p>","protected":false},"excerpt":{"rendered":"<p>Klasisks, diskr\u0113ts, elegants dizains. Kompoz\u012bcijas, kas izveidotas ar \u0161o 3D modeli, izskat\u0101s stil\u012bgi un gai\u0161i, neraugoties uz t\u0101 cieto formu. Pietiekami atlas\u012btas kr\u0101sas rad\u012bs klusu vi\u013c\u0146u il\u016bziju. Visprec\u012bz\u0101k\u0101s pl\u016bsmas iestat\u012bjumi tika izveidoti ar monohromatiskaj\u0101m kr\u0101su kombin\u0101cij\u0101m.<\/p>","protected":false},"featured_media":91,"template":"","meta":{"_acf_changed":false},"product_brand":[],"product_cat":[18,21],"product_tag":[20],"class_list":{"0":"post-90","1":"product","2":"type-product","3":"status-publish","4":"has-post-thumbnail","6":"product_cat-dizaina-skanas-izolacija","7":"product_cat-fluffo-soft-sienam","8":"product_tag-fluffo","10":"first","11":"instock","12":"shipping-taxable","13":"purchasable","14":"product-type-simple"},"acf":[],"_links":{"self":[{"href":"https:\/\/lightup.lv\/en\/wp-json\/wp\/v2\/product\/90","targetHints":{"allow":["GET"]}}],"collection":[{"href":"https:\/\/lightup.lv\/en\/wp-json\/wp\/v2\/product"}],"about":[{"href":"https:\/\/lightup.lv\/en\/wp-json\/wp\/v2\/types\/product"}],"wp:featuredmedia":[{"embeddable":true,"href":"https:\/\/lightup.lv\/en\/wp-json\/wp\/v2\/media\/91"}],"wp:attachment":[{"href":"https:\/\/lightup.lv\/en\/wp-json\/wp\/v2\/media?parent=90"}],"wp:term":[{"taxonomy":"product_brand","embeddable":true,"href":"https:\/\/lightup.lv\/en\/wp-json\/wp\/v2\/product_brand?post=90"},{"taxonomy":"product_cat","embeddable":true,"href":"https:\/\/lightup.lv\/en\/wp-json\/wp\/v2\/product_cat?post=90"},{"taxonomy":"product_tag","embeddable":true,"href":"https:\/\/lightup.lv\/en\/wp-json\/wp\/v2\/product_tag?post=90"}],"curies":[{"name":"wp","href":"https:\/\/api.w.org\/{rel}","templated":true}]}}