{"id":9518,"date":"2022-05-05T07:45:51","date_gmt":"2022-05-05T07:45:51","guid":{"rendered":"https:\/\/lightup.lv\/product\/tribeca-kresls-ar-roku-balstiem\/"},"modified":"2024-01-30T16:03:34","modified_gmt":"2024-01-30T16:03:34","slug":"tribeca-kresls-ar-roku-balstiem","status":"publish","type":"product","link":"https:\/\/lightup.lv\/en\/precu-katalogs\/tribeca-kresls-ar-roku-balstiem\/","title":{"rendered":"Tribeca kr\u0113sls ar roku balstiem"},"content":{"rendered":"<p><span style=\"color: #000000;\"><span style=\"font-family: Arial, sans-serif;\"><span style=\"font-size: small;\">Roz\u0101, Sarkans, Zils, Oran\u017es, Br\u016bns, Za\u013c\u0161, Balts, Pel\u0113ks<\/span><\/span><\/span><\/p>\n<p><span style=\"color: #000000;\"><span style=\"font-family: apple-system, BlinkMacSystemFont, Segoe UI, Roboto, Oxygen-Sans, Ubuntu, Cantarell, Helvetica Neue, sans-serif;\"><span style=\"font-size: medium;\">Kr\u0113sla augstums \u2013 76,5 cm<br \/>\n<\/span><\/span><\/span><span style=\"font-size: medium; font-family: apple-system, BlinkMacSystemFont, 'Segoe UI', Roboto, Oxygen-Sans, Ubuntu, Cantarell, 'Helvetica Neue', sans-serif; color: #000000;\">Kr\u0113sla garums \u2013 51,5 cm<br \/>\n<\/span><span style=\"color: #000000;\"><span style=\"font-family: apple-system, BlinkMacSystemFont, Segoe UI, Roboto, Oxygen-Sans, Ubuntu, Cantarell, Helvetica Neue, sans-serif;\"><span style=\"font-size: medium;\">S\u0113des platums \u201359 cm<br \/>\n<\/span><\/span><\/span><span style=\"color: #000000;\"><span style=\"font-family: apple-system, BlinkMacSystemFont, Segoe UI, Roboto, Oxygen-Sans, Ubuntu, Cantarell, Helvetica Neue, sans-serif;\"><span style=\"font-size: medium;\">Seat height \u2013 46.5 cm<\/span><\/span><\/span><\/p>\n<p>ID 3665<\/p>","protected":false},"excerpt":{"rendered":"<p><span style=\"color: #000000;\"><span style=\"font-family: Arial, sans-serif;\"><span style=\"font-size: small;\">Tribeca atgrie\u017e m\u016bs pag\u0101tn\u0113 ar m\u016bsdien\u012bgu klasisko se\u0161desmito gadu terases kr\u0113slu interpret\u0101ciju, kas izgatavoti no t\u0113rauda un austa materi\u0101la. Atzveltnes kr\u0113sls ar \u00d820 mm caurules strukt\u016bru, kas p\u0101rkl\u0101ts ar pulvera p\u0101rkl\u0101jumu lieto\u0161anai \u0101ra telp\u0101m, atzveltne un s\u0113deklis no austa ekstrud\u0113ta PVC ar neilona . \u012apa\u0161i izstr\u0101d\u0101ts lieto\u0161anai \u0101rpus telp\u0101m. Saliekams viens uz otra<\/span><\/span><\/span><\/p>","protected":false},"featured_media":9519,"template":"","meta":{"_acf_changed":false},"product_brand":[],"product_cat":[124,28,38,51,50],"product_tag":[125],"class_list":{"0":"post-9518","1":"product","2":"type-product","3":"status-publish","4":"has-post-thumbnail","6":"product_cat-kresli-konfernecu","7":"product_cat-kresli","8":"product_cat-kresli-pie-galda","9":"product_cat-kresli-terases-mebeles","10":"product_cat-terases-mebeles","11":"product_tag-pedrali","13":"first","14":"instock","15":"shipping-taxable","16":"purchasable","17":"product-type-simple"},"acf":[],"_links":{"self":[{"href":"https:\/\/lightup.lv\/en\/wp-json\/wp\/v2\/product\/9518","targetHints":{"allow":["GET"]}}],"collection":[{"href":"https:\/\/lightup.lv\/en\/wp-json\/wp\/v2\/product"}],"about":[{"href":"https:\/\/lightup.lv\/en\/wp-json\/wp\/v2\/types\/product"}],"wp:featuredmedia":[{"embeddable":true,"href":"https:\/\/lightup.lv\/en\/wp-json\/wp\/v2\/media\/9519"}],"wp:attachment":[{"href":"https:\/\/lightup.lv\/en\/wp-json\/wp\/v2\/media?parent=9518"}],"wp:term":[{"taxonomy":"product_brand","embeddable":true,"href":"https:\/\/lightup.lv\/en\/wp-json\/wp\/v2\/product_brand?post=9518"},{"taxonomy":"product_cat","embeddable":true,"href":"https:\/\/lightup.lv\/en\/wp-json\/wp\/v2\/product_cat?post=9518"},{"taxonomy":"product_tag","embeddable":true,"href":"https:\/\/lightup.lv\/en\/wp-json\/wp\/v2\/product_tag?post=9518"}],"curies":[{"name":"wp","href":"https:\/\/api.w.org\/{rel}","templated":true}]}}