{"id":9529,"date":"2022-05-06T08:44:12","date_gmt":"2022-05-06T08:44:12","guid":{"rendered":"https:\/\/lightup.lv\/product\/ara-kresls\/"},"modified":"2024-01-30T16:02:57","modified_gmt":"2024-01-30T16:02:57","slug":"ara-kresls","status":"publish","type":"product","link":"https:\/\/lightup.lv\/en\/product-catalog\/ara-kresls\/","title":{"rendered":"ARA kr\u0113sls"},"content":{"rendered":"<p>Balts, Melns, Tum\u0161i pel\u0113ks, Gai\u0161i pel\u0113ks, Zils, Za\u013c\u0161, Br\u016bns, B\u0113\u0161s, Sarkans, Oran\u017es<\/p>\n<p>Materi\u0101ls-Polipropil\u0113ns<\/p>\n<p>Chair height \u2013 83 cm<\/p>\n<p>Chair length \u2013 56 cm<\/p>\n<p>S\u0113des platums \u201349,5\u00a0 cm<\/p>\n<p>Seat height \u2013 46 cm<\/p>\n<p>ID 310<\/p>","protected":false},"excerpt":{"rendered":"<p>Izsmalcin\u0101ts un labi sabalans\u0113ts Ara kr\u0113sls, kas izgatavots no polipropil\u0113na. Unik\u0101ls, ar rakstur\u012bgu rokturi atzveltnes gal\u0101. Saliekams viens uz otra.<\/p>","protected":false},"featured_media":9530,"template":"","meta":{"_acf_changed":false},"product_brand":[],"product_cat":[126,124,28,51,50],"product_tag":[125],"class_list":{"0":"post-9529","1":"product","2":"type-product","3":"status-publish","4":"has-post-thumbnail","6":"product_cat-apmekletaju-kresli","7":"product_cat-kresli-konfernecu","8":"product_cat-kresli","9":"product_cat-kresli-terases-mebeles","10":"product_cat-terases-mebeles","11":"product_tag-pedrali","13":"first","14":"instock","15":"shipping-taxable","16":"purchasable","17":"product-type-simple"},"acf":[],"_links":{"self":[{"href":"https:\/\/lightup.lv\/en\/wp-json\/wp\/v2\/product\/9529","targetHints":{"allow":["GET"]}}],"collection":[{"href":"https:\/\/lightup.lv\/en\/wp-json\/wp\/v2\/product"}],"about":[{"href":"https:\/\/lightup.lv\/en\/wp-json\/wp\/v2\/types\/product"}],"wp:featuredmedia":[{"embeddable":true,"href":"https:\/\/lightup.lv\/en\/wp-json\/wp\/v2\/media\/9530"}],"wp:attachment":[{"href":"https:\/\/lightup.lv\/en\/wp-json\/wp\/v2\/media?parent=9529"}],"wp:term":[{"taxonomy":"product_brand","embeddable":true,"href":"https:\/\/lightup.lv\/en\/wp-json\/wp\/v2\/product_brand?post=9529"},{"taxonomy":"product_cat","embeddable":true,"href":"https:\/\/lightup.lv\/en\/wp-json\/wp\/v2\/product_cat?post=9529"},{"taxonomy":"product_tag","embeddable":true,"href":"https:\/\/lightup.lv\/en\/wp-json\/wp\/v2\/product_tag?post=9529"}],"curies":[{"name":"wp","href":"https:\/\/api.w.org\/{rel}","templated":true}]}}