{"id":9540,"date":"2022-05-06T09:06:19","date_gmt":"2022-05-06T09:06:19","guid":{"rendered":"https:\/\/lightup.lv\/product\/ara-kresls-ar-roku-balstiem\/"},"modified":"2024-01-30T16:02:29","modified_gmt":"2024-01-30T16:02:29","slug":"ara-kresls-ar-roku-balstiem","status":"publish","type":"product","link":"https:\/\/lightup.lv\/en\/product-catalog\/ara-kresls-ar-roku-balstiem\/","title":{"rendered":"ARA kr\u0113sls ar roku balstiem"},"content":{"rendered":"<p>Balts, Melns, Tum\u0161i pel\u0113ks, Gai\u0161i pel\u0113ks, Zils, Za\u013c\u0161, Br\u016bns, B\u0113\u0161s, Sarkans, Oran\u017es<\/p>\n<p>Materi\u0101ls- Polipropil\u0113ns<\/p>\n<p>Chair height \u2013 83 cm<\/p>\n<p>Roku balstu augstums &#8211; 66 cm<\/p>\n<p>Chair length \u2013 56 cm<\/p>\n<p>S\u0113des platums \u201359,5\u00a0 cm<\/p>\n<p>Seat height \u2013 46 cm<\/p>\n<p>ID 315<\/p>","protected":false},"excerpt":{"rendered":"<p>Atzveltnes kr\u0113sls Ara ar roku balstiem un rokturi atzveltnes gal\u0101. Izgatavots no polipropil\u0113na, izsmalcin\u0101ts un labi sabalans\u0113ts. Pla\u0161a kr\u0101su izv\u0113le.<\/p>","protected":false},"featured_media":9541,"template":"","meta":{"_acf_changed":false},"product_brand":[],"product_cat":[126,124,28],"product_tag":[125],"class_list":{"0":"post-9540","1":"product","2":"type-product","3":"status-publish","4":"has-post-thumbnail","6":"product_cat-apmekletaju-kresli","7":"product_cat-kresli-konfernecu","8":"product_cat-kresli","9":"product_tag-pedrali","11":"first","12":"instock","13":"shipping-taxable","14":"purchasable","15":"product-type-simple"},"acf":[],"_links":{"self":[{"href":"https:\/\/lightup.lv\/en\/wp-json\/wp\/v2\/product\/9540","targetHints":{"allow":["GET"]}}],"collection":[{"href":"https:\/\/lightup.lv\/en\/wp-json\/wp\/v2\/product"}],"about":[{"href":"https:\/\/lightup.lv\/en\/wp-json\/wp\/v2\/types\/product"}],"wp:featuredmedia":[{"embeddable":true,"href":"https:\/\/lightup.lv\/en\/wp-json\/wp\/v2\/media\/9541"}],"wp:attachment":[{"href":"https:\/\/lightup.lv\/en\/wp-json\/wp\/v2\/media?parent=9540"}],"wp:term":[{"taxonomy":"product_brand","embeddable":true,"href":"https:\/\/lightup.lv\/en\/wp-json\/wp\/v2\/product_brand?post=9540"},{"taxonomy":"product_cat","embeddable":true,"href":"https:\/\/lightup.lv\/en\/wp-json\/wp\/v2\/product_cat?post=9540"},{"taxonomy":"product_tag","embeddable":true,"href":"https:\/\/lightup.lv\/en\/wp-json\/wp\/v2\/product_tag?post=9540"}],"curies":[{"name":"wp","href":"https:\/\/api.w.org\/{rel}","templated":true}]}}