{"id":9586,"date":"2022-05-07T12:08:59","date_gmt":"2022-05-07T12:08:59","guid":{"rendered":"https:\/\/lightup.lv\/product\/kresls-pedrali-babila-2720\/"},"modified":"2024-01-30T16:00:04","modified_gmt":"2024-01-30T16:00:04","slug":"kresls-pedrali-babila-2720","status":"publish","type":"product","link":"https:\/\/lightup.lv\/en\/product-catalog\/kresls-pedrali-babila-2720\/","title":{"rendered":"Pedrali Babila chair"},"content":{"rendered":"<p>Materi\u0101ls &#8211; Sapl\u0101ksnis un t\u0113rauds<\/p>\n<p>Various colors available<\/p>\n<p>Chair height \u2013 80 cm<\/p>\n<p>Kr\u0113sla garums \u2013 52 cm<\/p>\n<p>S\u0113des platums \u201354\u00a0 cm<\/p>\n<p>Seat height \u2013 46 cm<\/p>\n<p>ID 2720<\/p>","protected":false},"excerpt":{"rendered":"<p>Kr\u0113sls ar main\u012bga biezuma o\u0161a sapl\u0101k\u0161\u0146a s\u0113di un \u00d810 mm t\u0113rauda r\u0101mi.<\/p>","protected":false},"featured_media":9587,"template":"","meta":{"_acf_changed":false},"product_brand":[],"product_cat":[28,38],"product_tag":[125],"class_list":{"0":"post-9586","1":"product","2":"type-product","3":"status-publish","4":"has-post-thumbnail","6":"product_cat-kresli","7":"product_cat-kresli-pie-galda","8":"product_tag-pedrali","10":"first","11":"instock","12":"shipping-taxable","13":"purchasable","14":"product-type-simple"},"acf":[],"_links":{"self":[{"href":"https:\/\/lightup.lv\/en\/wp-json\/wp\/v2\/product\/9586","targetHints":{"allow":["GET"]}}],"collection":[{"href":"https:\/\/lightup.lv\/en\/wp-json\/wp\/v2\/product"}],"about":[{"href":"https:\/\/lightup.lv\/en\/wp-json\/wp\/v2\/types\/product"}],"wp:featuredmedia":[{"embeddable":true,"href":"https:\/\/lightup.lv\/en\/wp-json\/wp\/v2\/media\/9587"}],"wp:attachment":[{"href":"https:\/\/lightup.lv\/en\/wp-json\/wp\/v2\/media?parent=9586"}],"wp:term":[{"taxonomy":"product_brand","embeddable":true,"href":"https:\/\/lightup.lv\/en\/wp-json\/wp\/v2\/product_brand?post=9586"},{"taxonomy":"product_cat","embeddable":true,"href":"https:\/\/lightup.lv\/en\/wp-json\/wp\/v2\/product_cat?post=9586"},{"taxonomy":"product_tag","embeddable":true,"href":"https:\/\/lightup.lv\/en\/wp-json\/wp\/v2\/product_tag?post=9586"}],"curies":[{"name":"wp","href":"https:\/\/api.w.org\/{rel}","templated":true}]}}