{"id":9628,"date":"2022-05-07T15:12:40","date_gmt":"2022-05-07T15:12:40","guid":{"rendered":"https:\/\/lightup.lv\/product\/kresls-pedrali-babila-ar-ritentiniem\/"},"modified":"2024-01-30T15:58:15","modified_gmt":"2024-01-30T15:58:15","slug":"kresls-pedrali-babila-ar-ritentiniem","status":"publish","type":"product","link":"https:\/\/lightup.lv\/en\/precu-katalogs\/kresls-pedrali-babila-ar-ritentiniem\/","title":{"rendered":"Kr\u0113sls Pedrali Babila ar rite\u0146iem"},"content":{"rendered":"<p>Materi\u0101ls \u2013 Polipropil\u0113ns, T\u0113rauds, Alum\u012bnijs<br \/>\nVarious colors available<br \/>\nChair height \u2013 77.5 cm<br \/>\nRoku balstu ausgstums &#8211; 64 cm<br \/>\nKr\u0113sla garums \u2013 54,5 cm<br \/>\nS\u0113des platums \u201353,5 cm<br \/>\nSeat height \u2013 45 cm<\/p>\n<p>ID 2775<\/p>","protected":false},"excerpt":{"rendered":"<p>Atzveltnes kr\u0113sls ar polipropil\u0113na s\u0113di, t\u0113rauda r\u0101mi un \u0161tanc\u0113tu \u010detrzvaig\u017e\u0146u alum\u012bnija pamatni ar ritenti\u0146iem.<\/p>\n<p>Cena var at\u0161\u0137irties izv\u0113l\u0113t\u0101 materi\u0101la d\u0113\u013c.<\/p>","protected":false},"featured_media":9629,"template":"","meta":{"_acf_changed":false},"product_brand":[],"product_cat":[126,121,28],"product_tag":[125],"class_list":{"0":"post-9628","1":"product","2":"type-product","3":"status-publish","4":"has-post-thumbnail","6":"product_cat-apmekletaju-kresli","7":"product_cat-biroja-kresli","8":"product_cat-kresli","9":"product_tag-pedrali","11":"first","12":"instock","13":"shipping-taxable","14":"purchasable","15":"product-type-simple"},"acf":[],"_links":{"self":[{"href":"https:\/\/lightup.lv\/en\/wp-json\/wp\/v2\/product\/9628","targetHints":{"allow":["GET"]}}],"collection":[{"href":"https:\/\/lightup.lv\/en\/wp-json\/wp\/v2\/product"}],"about":[{"href":"https:\/\/lightup.lv\/en\/wp-json\/wp\/v2\/types\/product"}],"wp:featuredmedia":[{"embeddable":true,"href":"https:\/\/lightup.lv\/en\/wp-json\/wp\/v2\/media\/9629"}],"wp:attachment":[{"href":"https:\/\/lightup.lv\/en\/wp-json\/wp\/v2\/media?parent=9628"}],"wp:term":[{"taxonomy":"product_brand","embeddable":true,"href":"https:\/\/lightup.lv\/en\/wp-json\/wp\/v2\/product_brand?post=9628"},{"taxonomy":"product_cat","embeddable":true,"href":"https:\/\/lightup.lv\/en\/wp-json\/wp\/v2\/product_cat?post=9628"},{"taxonomy":"product_tag","embeddable":true,"href":"https:\/\/lightup.lv\/en\/wp-json\/wp\/v2\/product_tag?post=9628"}],"curies":[{"name":"wp","href":"https:\/\/api.w.org\/{rel}","templated":true}]}}