{"id":9678,"date":"2022-05-08T16:35:45","date_gmt":"2022-05-08T16:35:45","guid":{"rendered":"https:\/\/lightup.lv\/product\/kresls-pedrali-babila-xl-3\/"},"modified":"2024-01-30T15:56:16","modified_gmt":"2024-01-30T15:56:16","slug":"kresls-pedrali-babila-xl-3","status":"publish","type":"product","link":"https:\/\/lightup.lv\/en\/precu-katalogs\/kresls-pedrali-babila-xl-3\/","title":{"rendered":"Kr\u0113sls Pedrali Babila XL"},"content":{"rendered":"<p>Materi\u0101ls \u2013 Polipropil\u0113ns, Koks<br \/>\nVarious colors available<br \/>\nKr\u0113sla augstums \u201379,5 cm<br \/>\nRoku balstu augstums &#8211; 65,5 cm<br \/>\nS\u0113des platums \u2013 63 cm<br \/>\nKr\u0113sla garums \u201354,5 cm<br \/>\nSeat height \u2013 46.5 cm<\/p>\n<p>ID 2754R<\/p>","protected":false},"excerpt":{"rendered":"<p>Babila XL atzveltnes kr\u0113sls ar polipropil\u0113na s\u0113di, kas izce\u013cas ar t\u0101 s\u0113dek\u013ca un roku balstu lielajiem izm\u0113riem. O\u0161a mas\u012bvkoka k\u0101jas.<\/p>\n<p>S\u0113de piln\u012bb\u0101 izgatavota no otrreiz\u0113ji p\u0101rstr\u0101d\u0101ta materi\u0101la-50% no pat\u0113ri\u0146a plastmasas atkritumiem un 50% no industri\u0101l\u0101s plastmasas atkritumiem.<\/p>","protected":false},"featured_media":9679,"template":"","meta":{"_acf_changed":false},"product_brand":[],"product_cat":[126,121,28],"product_tag":[125],"class_list":{"0":"post-9678","1":"product","2":"type-product","3":"status-publish","4":"has-post-thumbnail","6":"product_cat-apmekletaju-kresli","7":"product_cat-biroja-kresli","8":"product_cat-kresli","9":"product_tag-pedrali","11":"first","12":"instock","13":"shipping-taxable","14":"purchasable","15":"product-type-simple"},"acf":[],"_links":{"self":[{"href":"https:\/\/lightup.lv\/en\/wp-json\/wp\/v2\/product\/9678","targetHints":{"allow":["GET"]}}],"collection":[{"href":"https:\/\/lightup.lv\/en\/wp-json\/wp\/v2\/product"}],"about":[{"href":"https:\/\/lightup.lv\/en\/wp-json\/wp\/v2\/types\/product"}],"wp:featuredmedia":[{"embeddable":true,"href":"https:\/\/lightup.lv\/en\/wp-json\/wp\/v2\/media\/9679"}],"wp:attachment":[{"href":"https:\/\/lightup.lv\/en\/wp-json\/wp\/v2\/media?parent=9678"}],"wp:term":[{"taxonomy":"product_brand","embeddable":true,"href":"https:\/\/lightup.lv\/en\/wp-json\/wp\/v2\/product_brand?post=9678"},{"taxonomy":"product_cat","embeddable":true,"href":"https:\/\/lightup.lv\/en\/wp-json\/wp\/v2\/product_cat?post=9678"},{"taxonomy":"product_tag","embeddable":true,"href":"https:\/\/lightup.lv\/en\/wp-json\/wp\/v2\/product_tag?post=9678"}],"curies":[{"name":"wp","href":"https:\/\/api.w.org\/{rel}","templated":true}]}}