{"id":9689,"date":"2022-05-08T16:41:56","date_gmt":"2022-05-08T16:41:56","guid":{"rendered":"https:\/\/lightup.lv\/product\/kresls-pedrali-babila-xl-4\/"},"modified":"2024-01-30T15:55:46","modified_gmt":"2024-01-30T15:55:46","slug":"kresls-pedrali-babila-xl-4","status":"publish","type":"product","link":"https:\/\/lightup.lv\/en\/precu-katalogs\/kresls-pedrali-babila-xl-4\/","title":{"rendered":"Kr\u0113sls Pedrali Babila XL"},"content":{"rendered":"<p>Material \u2013 Polypropylene, Steel<br \/>\nVarious colors available<br \/>\nKr\u0113sla augstums \u201379,5 cm<br \/>\nRoku balstu augstums &#8211; 65,5 cm<br \/>\nS\u0113des platums \u2013 63 cm<br \/>\nKr\u0113sla garums \u201354,5 cm<br \/>\nSeat height \u2013 46.5 cm<\/p>\n<p>ID 2744<\/p>","protected":false},"excerpt":{"rendered":"<p>Babila XL harmoniski iek\u013caujas kolekcij\u0101, kas atrodas starp trad\u012bcij\u0101m un inov\u0101cij\u0101m. Atzveltnes kr\u0113sls ar polipropil\u0113na s\u0113di izce\u013cas ar lielu s\u0113dek\u013ca un roku balstu izm\u0113ru. \u00d8 11 mm t\u0113rauda\u00a0 r\u0101mis.<\/p>","protected":false},"featured_media":9690,"template":"","meta":{"_acf_changed":false},"product_brand":[],"product_cat":[126,121,28],"product_tag":[125],"class_list":{"0":"post-9689","1":"product","2":"type-product","3":"status-publish","4":"has-post-thumbnail","6":"product_cat-apmekletaju-kresli","7":"product_cat-biroja-kresli","8":"product_cat-kresli","9":"product_tag-pedrali","11":"first","12":"instock","13":"shipping-taxable","14":"purchasable","15":"product-type-simple"},"acf":[],"_links":{"self":[{"href":"https:\/\/lightup.lv\/en\/wp-json\/wp\/v2\/product\/9689","targetHints":{"allow":["GET"]}}],"collection":[{"href":"https:\/\/lightup.lv\/en\/wp-json\/wp\/v2\/product"}],"about":[{"href":"https:\/\/lightup.lv\/en\/wp-json\/wp\/v2\/types\/product"}],"wp:featuredmedia":[{"embeddable":true,"href":"https:\/\/lightup.lv\/en\/wp-json\/wp\/v2\/media\/9690"}],"wp:attachment":[{"href":"https:\/\/lightup.lv\/en\/wp-json\/wp\/v2\/media?parent=9689"}],"wp:term":[{"taxonomy":"product_brand","embeddable":true,"href":"https:\/\/lightup.lv\/en\/wp-json\/wp\/v2\/product_brand?post=9689"},{"taxonomy":"product_cat","embeddable":true,"href":"https:\/\/lightup.lv\/en\/wp-json\/wp\/v2\/product_cat?post=9689"},{"taxonomy":"product_tag","embeddable":true,"href":"https:\/\/lightup.lv\/en\/wp-json\/wp\/v2\/product_tag?post=9689"}],"curies":[{"name":"wp","href":"https:\/\/api.w.org\/{rel}","templated":true}]}}