{"id":9863,"date":"2022-05-09T09:54:08","date_gmt":"2022-05-09T09:54:08","guid":{"rendered":"https:\/\/lightup.lv\/product\/kresls-dome-ar-atzveltni-2\/"},"modified":"2024-01-30T15:46:12","modified_gmt":"2024-01-30T15:46:12","slug":"kresls-dome-ar-atzveltni-2","status":"publish","type":"product","link":"https:\/\/lightup.lv\/en\/product-catalog\/kresls-dome-ar-atzveltni-2\/","title":{"rendered":"Kr\u0113sls Dome ar atzveltni"},"content":{"rendered":"<p>Material \u2013 Polypropylene<\/p>\n<p>Various colors available<br \/>\nKr\u0113sla augstums \u201381 cm<br \/>\nSeat width \u2013 52 cm<br \/>\nKr\u0113sla garums \u201353 cm<br \/>\nSeat height \u2013 46 cm<\/p>\n<p>ID 261<\/p>","protected":false},"excerpt":{"rendered":"<p>Ar stikla \u0161\u0137iedru pastirpin\u0101ts polipropil\u0113na kr\u0113sls ar perfor\u0113tu s\u0113di un atzveltni. Saliekams viens uz otra.<\/p>\n<p>Piem\u0113rots \u0101rtelp\u0101m.<\/p>","protected":false},"featured_media":9864,"template":"","meta":{"_acf_changed":false},"product_brand":[],"product_cat":[126,124,28,51,50],"product_tag":[125],"class_list":{"0":"post-9863","1":"product","2":"type-product","3":"status-publish","4":"has-post-thumbnail","6":"product_cat-apmekletaju-kresli","7":"product_cat-kresli-konfernecu","8":"product_cat-kresli","9":"product_cat-kresli-terases-mebeles","10":"product_cat-terases-mebeles","11":"product_tag-pedrali","13":"first","14":"instock","15":"shipping-taxable","16":"purchasable","17":"product-type-simple"},"acf":[],"_links":{"self":[{"href":"https:\/\/lightup.lv\/en\/wp-json\/wp\/v2\/product\/9863","targetHints":{"allow":["GET"]}}],"collection":[{"href":"https:\/\/lightup.lv\/en\/wp-json\/wp\/v2\/product"}],"about":[{"href":"https:\/\/lightup.lv\/en\/wp-json\/wp\/v2\/types\/product"}],"wp:featuredmedia":[{"embeddable":true,"href":"https:\/\/lightup.lv\/en\/wp-json\/wp\/v2\/media\/9864"}],"wp:attachment":[{"href":"https:\/\/lightup.lv\/en\/wp-json\/wp\/v2\/media?parent=9863"}],"wp:term":[{"taxonomy":"product_brand","embeddable":true,"href":"https:\/\/lightup.lv\/en\/wp-json\/wp\/v2\/product_brand?post=9863"},{"taxonomy":"product_cat","embeddable":true,"href":"https:\/\/lightup.lv\/en\/wp-json\/wp\/v2\/product_cat?post=9863"},{"taxonomy":"product_tag","embeddable":true,"href":"https:\/\/lightup.lv\/en\/wp-json\/wp\/v2\/product_tag?post=9863"}],"curies":[{"name":"wp","href":"https:\/\/api.w.org\/{rel}","templated":true}]}}