{"id":9889,"date":"2022-05-09T10:08:07","date_gmt":"2022-05-09T10:08:07","guid":{"rendered":"https:\/\/lightup.lv\/product\/kresls-dome-ar-atzveltni-4\/"},"modified":"2024-01-30T15:45:06","modified_gmt":"2024-01-30T15:45:06","slug":"kresls-dome-ar-atzveltni-4","status":"publish","type":"product","link":"https:\/\/lightup.lv\/en\/precu-katalogs\/kresls-dome-ar-atzveltni-4\/","title":{"rendered":"Chair Dome with backrest"},"content":{"rendered":"<p>Material \u2013 Polypropylene<br \/>\nVarious colors available<br \/>\nChair height \u201381 cm<br \/>\nThe height of the armrests is 65 cm<br \/>\nSeat width \u2013 58 cm<br \/>\nChair length \u201353 cm<br \/>\nSeat height \u2013 46 cm<\/p>\n<p>ID 266<\/p>","protected":false},"excerpt":{"rendered":"<p>Ar stikla \u0161\u0137iedru pastiprin\u0101ts polipropil\u0113na kr\u0113sls ar perfor\u0113tu s\u0113dekli un atzveltni. Saliekams viens uz otra.<\/p>\n<p>Suitable for outdoor use.<\/p>","protected":false},"featured_media":9890,"template":"","meta":{"_acf_changed":false},"product_brand":[],"product_cat":[126,124,28,51,50],"product_tag":[125],"class_list":{"0":"post-9889","1":"product","2":"type-product","3":"status-publish","4":"has-post-thumbnail","6":"product_cat-apmekletaju-kresli","7":"product_cat-kresli-konfernecu","8":"product_cat-kresli","9":"product_cat-kresli-terases-mebeles","10":"product_cat-terases-mebeles","11":"product_tag-pedrali","13":"first","14":"instock","15":"shipping-taxable","16":"purchasable","17":"product-type-simple"},"acf":[],"_links":{"self":[{"href":"https:\/\/lightup.lv\/en\/wp-json\/wp\/v2\/product\/9889","targetHints":{"allow":["GET"]}}],"collection":[{"href":"https:\/\/lightup.lv\/en\/wp-json\/wp\/v2\/product"}],"about":[{"href":"https:\/\/lightup.lv\/en\/wp-json\/wp\/v2\/types\/product"}],"wp:featuredmedia":[{"embeddable":true,"href":"https:\/\/lightup.lv\/en\/wp-json\/wp\/v2\/media\/9890"}],"wp:attachment":[{"href":"https:\/\/lightup.lv\/en\/wp-json\/wp\/v2\/media?parent=9889"}],"wp:term":[{"taxonomy":"product_brand","embeddable":true,"href":"https:\/\/lightup.lv\/en\/wp-json\/wp\/v2\/product_brand?post=9889"},{"taxonomy":"product_cat","embeddable":true,"href":"https:\/\/lightup.lv\/en\/wp-json\/wp\/v2\/product_cat?post=9889"},{"taxonomy":"product_tag","embeddable":true,"href":"https:\/\/lightup.lv\/en\/wp-json\/wp\/v2\/product_tag?post=9889"}],"curies":[{"name":"wp","href":"https:\/\/api.w.org\/{rel}","templated":true}]}}