{"id":9900,"date":"2022-05-09T10:21:10","date_gmt":"2022-05-09T10:21:10","guid":{"rendered":"https:\/\/lightup.lv\/product\/augstais-kresls-dome\/"},"modified":"2024-01-30T15:44:30","modified_gmt":"2024-01-30T15:44:30","slug":"augstais-kresls-dome","status":"publish","type":"product","link":"https:\/\/lightup.lv\/en\/product-catalog\/augstais-kresls-dome\/","title":{"rendered":"Dome bar stool"},"content":{"rendered":"<p>Material \u2013 Polypropylene<br \/>\nVarious colors available<br \/>\nKr\u0113sla augstums \u201365 cm<br \/>\nK\u0101ju balstu augstums &#8211; 21 cm<br \/>\nS\u0113des platums \u2013 43 cm<br \/>\nKr\u0113sla garums \u201341,5 cm<\/p>\n<p>ID 267<\/p>","protected":false},"excerpt":{"rendered":"<p>Kr\u0113sls, kas piln\u012bb\u0101 izgatavoti no polipropil\u0113na, kas veidots ar gaisa form\u0113\u0161anas g\u0101zi. Novatoriska forma taisnst\u016brveida s\u0113deklim ar noapa\u013cotiem profiliem, kas sp\u0113j garant\u0113t ergonomisku s\u0113dekli pat ar \u013coti ierobe\u017eotu dzi\u013cumu. Saliekams viens uz otra.<\/p>","protected":false},"featured_media":9901,"template":"","meta":{"_acf_changed":false},"product_brand":[],"product_cat":[126,28,51,41,122,50],"product_tag":[125],"class_list":{"0":"post-9900","1":"product","2":"type-product","3":"status-publish","4":"has-post-thumbnail","6":"product_cat-apmekletaju-kresli","7":"product_cat-kresli","8":"product_cat-kresli-terases-mebeles","9":"product_cat-pusbara-kresli","10":"product_cat-terases-bara-kresli","11":"product_cat-terases-mebeles","12":"product_tag-pedrali","14":"first","15":"instock","16":"shipping-taxable","17":"purchasable","18":"product-type-simple"},"acf":[],"_links":{"self":[{"href":"https:\/\/lightup.lv\/en\/wp-json\/wp\/v2\/product\/9900","targetHints":{"allow":["GET"]}}],"collection":[{"href":"https:\/\/lightup.lv\/en\/wp-json\/wp\/v2\/product"}],"about":[{"href":"https:\/\/lightup.lv\/en\/wp-json\/wp\/v2\/types\/product"}],"wp:featuredmedia":[{"embeddable":true,"href":"https:\/\/lightup.lv\/en\/wp-json\/wp\/v2\/media\/9901"}],"wp:attachment":[{"href":"https:\/\/lightup.lv\/en\/wp-json\/wp\/v2\/media?parent=9900"}],"wp:term":[{"taxonomy":"product_brand","embeddable":true,"href":"https:\/\/lightup.lv\/en\/wp-json\/wp\/v2\/product_brand?post=9900"},{"taxonomy":"product_cat","embeddable":true,"href":"https:\/\/lightup.lv\/en\/wp-json\/wp\/v2\/product_cat?post=9900"},{"taxonomy":"product_tag","embeddable":true,"href":"https:\/\/lightup.lv\/en\/wp-json\/wp\/v2\/product_tag?post=9900"}],"curies":[{"name":"wp","href":"https:\/\/api.w.org\/{rel}","templated":true}]}}