{"id":9966,"date":"2022-05-09T16:31:12","date_gmt":"2022-05-09T16:31:12","guid":{"rendered":"https:\/\/lightup.lv\/product\/kresls-gliss-2\/"},"modified":"2024-01-30T15:30:37","modified_gmt":"2024-01-30T15:30:37","slug":"kresls-gliss-2","status":"publish","type":"product","link":"https:\/\/lightup.lv\/en\/precu-katalogs\/kresls-gliss-2\/","title":{"rendered":"Chair Gliss"},"content":{"rendered":"<p>Materi\u0101ls \u2013 Polikarbon\u0101ts, Koks<br \/>\nDifferent colors<br \/>\nKr\u0113sla augstums \u201376 cm<br \/>\nSeat width \u2013 59.5 cm<br \/>\nKr\u0113sla garums \u201355,5 cm<br \/>\nSeat height \u2013 46 cm<\/p>\n<p>ID 905<\/p>","protected":false},"excerpt":{"rendered":"<p>Gliss ir m\u0101j\u012bga un ergonomiska forma, ko iedvesmoju\u0161i ikoniskie \u201cFifties\u201d kr\u0113sli, ar rakstur\u012bgu caurumu korpus\u0101. Kolekcija izce\u013cas ar savu komfortu un funkcionalit\u0101ti, ko pie\u0161\u0137ir l\u012bkumotie roku balsti, kas aptver \u0137ermeni un \u0113rta vad\u0101m\u012bba. Kr\u0113sls ar polikarbon\u0101ta apvalku un o\u0161a mas\u012bvkoka k\u0101j\u0101m.<\/p>","protected":false},"featured_media":9967,"template":"","meta":{"_acf_changed":false},"product_brand":[],"product_cat":[126,80,101,28,51,50],"product_tag":[125],"class_list":{"0":"post-9966","1":"product","2":"type-product","3":"status-publish","4":"has-post-thumbnail","6":"product_cat-apmekletaju-kresli","7":"product_cat-atputas-kresli","8":"product_cat-biroja-mebeles","9":"product_cat-kresli","10":"product_cat-kresli-terases-mebeles","11":"product_cat-terases-mebeles","12":"product_tag-pedrali","14":"first","15":"instock","16":"shipping-taxable","17":"purchasable","18":"product-type-simple"},"acf":[],"_links":{"self":[{"href":"https:\/\/lightup.lv\/en\/wp-json\/wp\/v2\/product\/9966","targetHints":{"allow":["GET"]}}],"collection":[{"href":"https:\/\/lightup.lv\/en\/wp-json\/wp\/v2\/product"}],"about":[{"href":"https:\/\/lightup.lv\/en\/wp-json\/wp\/v2\/types\/product"}],"wp:featuredmedia":[{"embeddable":true,"href":"https:\/\/lightup.lv\/en\/wp-json\/wp\/v2\/media\/9967"}],"wp:attachment":[{"href":"https:\/\/lightup.lv\/en\/wp-json\/wp\/v2\/media?parent=9966"}],"wp:term":[{"taxonomy":"product_brand","embeddable":true,"href":"https:\/\/lightup.lv\/en\/wp-json\/wp\/v2\/product_brand?post=9966"},{"taxonomy":"product_cat","embeddable":true,"href":"https:\/\/lightup.lv\/en\/wp-json\/wp\/v2\/product_cat?post=9966"},{"taxonomy":"product_tag","embeddable":true,"href":"https:\/\/lightup.lv\/en\/wp-json\/wp\/v2\/product_tag?post=9966"}],"curies":[{"name":"wp","href":"https:\/\/api.w.org\/{rel}","templated":true}]}}