{"id":20786,"date":"2018-08-29T08:41:34","date_gmt":"2018-08-29T08:41:34","guid":{"rendered":"https:\/\/lightup.lv\/sikdatnu-izmantosans-noteikumi\/"},"modified":"2024-05-28T16:25:09","modified_gmt":"2024-05-28T14:25:09","slug":"kupsiste-kasutustingimused","status":"publish","type":"page","link":"https:\/\/lightup.lv\/et\/sikdatnu-izmantosans-noteikumi\/","title":{"rendered":"K\u00fcpsiste poliitika"},"content":{"rendered":"<p>&nbsp;<\/p>\n<p>Me kasutame k\u00fcpsiseid (<em>k\u00fcpsised<\/em>), et pakkuda teile meie veebisaidil parimat teenust.<\/p>\n<p><strong>Mis on k\u00fcpsised?<\/strong><br \/>\nK\u00fcpsised on v\u00e4ikesed tekstifailid, mis salvestatakse teie seadmesse iga kord, kui k\u00fclastate meie veebisaiti.<br \/>\n<strong><br \/>\nMiks me k\u00fcpsiseid kasutame?<\/strong><br \/>\nK\u00fcpsiste kasutamine v\u00f5imaldab meil pakkuda oma klientidele optimaalset veebilehe kogemust; n\u00e4iteks aitavad k\u00fcpsised meil meeles pidada teie varasemaid k\u00fclastusi ja valikuid meie veebilehel.<\/p>\n<p>Selle veebisaidi kasutamisega n\u00f5ustute, et v\u00f5ime kasutada k\u00fcpsiseid:<\/p>\n<p>\u2013 kasutusharjumuste ja statistiliste andmete kogumiseks;<\/p>\n<p>\u2013 klienditeeninduse taseme parandamiseks (veebivestlus);<\/p>\n<p>\u2013 kasutajaseadete salvestamiseks;<\/p>\n<p>\u2013 et saata teile ettepanekuid ja turunduss\u00f5numeid, mis vastavad k\u00f5ige paremini teie vajadustele;<\/p>\n<p>\u2013 veebisaidi t\u00e4iustamiseks vajaliku teabe kogumiseks;<\/p>\n<p>\u2013 autoriseerimiseks, veebisaidi isikup\u00e4rastamiseks ja t\u00e4itmiseks;<\/p>\n<p>\u2013 LightUp sisu jagamise lihtsustamiseks sotsiaalv\u00f5rgustikes;<\/p>\n<p>\u2013 sisu pakkumiseks (Youtube, Google Maps, flixmedia).<\/p>\n<p>&nbsp;<\/p>\n<p><strong>Milliseid k\u00fcpsiseid me kasutame?<\/strong><br \/>\n<strong><br \/>\n<em>Seansi k\u00fcpsised<\/em><\/strong><br \/>\nSeansik\u00fcpsiseid ehk ajutisi k\u00fcpsiseid kasutatakse iga kord, kui meie veebisaiti k\u00fclastate, ja need kustutatakse brauseri sulgemisel. Ajutisi k\u00fcpsiseid kasutatakse n\u00e4iteks veebisaidi keelevaliku v\u00f5i teie ostukorvi sisu meeldej\u00e4tmiseks.<br \/>\n<strong><br \/>\n<em>P\u00fcsivad k\u00fcpsised<\/em><\/strong><br \/>\nP\u00fcsivad k\u00fcpsised salvestatakse kasutaja seadmesse ka p\u00e4rast brauseri sulgemist. P\u00fcsivad k\u00fcpsised salvestatakse seadmesse teatud aja jooksul, m\u00f5ned neist salvestatakse kasutaja arvutisse mitmeks p\u00e4evaks, kuuks v\u00f5i isegi aastaks. P\u00fcsivaid k\u00fcpsiseid kasutatakse n\u00e4iteks kasutaja seadete, samuti kasutajanime ja parooli salvestamiseks, et neid ei peaks iga kord veebisaidi k\u00fclastamisel sisestama.<br \/>\n<strong><br \/>\n<em>Kolmandate osapoolte k\u00fcpsised <\/em><\/strong><br \/>\nKvaliteetse sisu pakkumiseks, statistiliste andmete kogumiseks ja reklaamimiseks kasutab LightUpi veebisait kolmandate osapoolte k\u00fcpsiseid. Kolmandate osapoolte k\u00fcpsiste privaatsuspoliitika ja tingimused leiate nende k\u00fcpsiste omanike veebisaitidelt.<\/p>\n<p>&nbsp;<\/p>\n<p><strong><em>Kolmandate osapoolte k\u00fcpsiste loend:<\/em><\/strong><\/p>\n<p>Facebooki k\u00fcpsiste kasutamise p\u00f5him\u00f5tteid saad lugeda siit:<\/p>\n<p><a href=\"https:\/\/www.facebook.com\/policies\/cookies\/\" target=\"_blank\" rel=\"noopener\">https:\/\/www.facebook.com\/policies\/cookies\/<\/a><\/p>\n<p>Google&#039;i k\u00fcpsistepoliitikaga saate tutvuda siin:<\/p>\n<p><a href=\"https:\/\/www.google.com\/policies\/technologies\/cookies\/\" target=\"_blank\" rel=\"noopener\">https:\/\/www.google.com\/policies\/technologies\/cookies\/<\/a><\/p>\n<p>&nbsp;<\/p>\n<p><strong>Kuidas k\u00fcpsiste kasutamist piirata ja kuidas neid kustutada?<\/strong><\/p>\n<p>Kasutajal on v\u00f5imalus oma seadmesse salvestatud k\u00fcpsised kustutada ja k\u00fcpsiste salvestamine oma seadmesse keelata. Selleks peate muutma oma brauseri seadeid.<\/p>\n<p>T\u00e4psemad juhised leiate brauseri juhiste jaotisest.<\/p>\n<p>NB: Kui k\u00fcpsised on blokeeritud, ei saa me garanteerida oma veebisaidi n\u00f5uetekohast toimimist.<\/p>\n<p>Lisateavet k\u00fcpsiste kohta leiate j\u00e4rgmistelt veebisaitidelt: <a href=\"https:\/\/www.allaboutcookies.org\/\" target=\"_blank\" rel=\"noopener\">https:\/\/www.allaboutcookies.org\/<\/a> v\u00f5i <a href=\"https:\/\/www.allaboutcookies.org\/\" target=\"_blank\" rel=\"noopener\">https:\/\/www.youronlinechoices.com\/lv\/<\/a><\/p>\n<p>&nbsp;<\/p>","protected":false},"excerpt":{"rendered":"<p>&nbsp; M\u0113s izmantojam s\u012bkdatnes (cookies), lai sniegt Jums vislab\u0101ko servisu m\u016bsu t\u012bmek\u013ca vietn\u0113. Kas ir s\u012bkdatnes? S\u012bkdatnes ir nelieli teksta faili, kas tiek ierakst\u012bti J\u016bsu ier\u012bc\u0113 katru reizi, kad J\u016bs apmekl\u0113jat m\u016bsu interneta vietni. K\u0101p\u0113c m\u0113s izmantojam s\u012bkdatnes? S\u012bkdat\u0146u izmanto\u0161ana \u013cauj mums pied\u0101v\u0101t klientiem optim\u0101lu vietnes lietojam\u012bbu; piem\u0113ram, s\u012bkdatnes pal\u012bdz mums atcer\u0113ties J\u016bsu iepriek\u0161\u0113jos apmekl\u0113jumus [&hellip;]<\/p>\n","protected":false},"author":1,"featured_media":0,"parent":0,"menu_order":0,"comment_status":"closed","ping_status":"closed","template":"","meta":{"_acf_changed":false},"class_list":["post-20786","page","type-page","status-publish","hentry"],"acf":[],"_links":{"self":[{"href":"https:\/\/lightup.lv\/et\/wp-json\/wp\/v2\/pages\/20786","targetHints":{"allow":["GET"]}}],"collection":[{"href":"https:\/\/lightup.lv\/et\/wp-json\/wp\/v2\/pages"}],"about":[{"href":"https:\/\/lightup.lv\/et\/wp-json\/wp\/v2\/types\/page"}],"author":[{"embeddable":true,"href":"https:\/\/lightup.lv\/et\/wp-json\/wp\/v2\/users\/1"}],"replies":[{"embeddable":true,"href":"https:\/\/lightup.lv\/et\/wp-json\/wp\/v2\/comments?post=20786"}],"version-history":[{"count":0,"href":"https:\/\/lightup.lv\/et\/wp-json\/wp\/v2\/pages\/20786\/revisions"}],"wp:attachment":[{"href":"https:\/\/lightup.lv\/et\/wp-json\/wp\/v2\/media?parent=20786"}],"curies":[{"name":"t\u00f6\u00f6leht","href":"https:\/\/api.w.org\/{rel}","templated":true}]}}