{"id":10001,"date":"2022-05-10T07:19:33","date_gmt":"2022-05-10T07:19:33","guid":{"rendered":"https:\/\/lightup.lv\/product\/kresls-gliss-ar-riteniem-2\/"},"modified":"2024-01-30T15:28:30","modified_gmt":"2024-01-30T15:28:30","slug":"kresls-gliss-ar-riteniem-2","status":"publish","type":"product","link":"https:\/\/lightup.lv\/et\/precu-katalogs\/kresls-gliss-ar-riteniem-2\/","title":{"rendered":"Glissi tool ratastega"},"content":{"rendered":"<p>Materjal \u2013 pol\u00fckarbonaat, teras<br \/>\nErinevad v\u00e4rvid<br \/>\nTooli k\u00f5rgus \u2013 77 cm<br \/>\nKr\u0113sla platums \u2013 59,5 cm<br \/>\nS\u0113des augstums \u2013 44 cm<\/p>\n<p>ID 968<\/p>","protected":false},"excerpt":{"rendered":"<p>Gliss ir m\u0101j\u012bga un ergonomiska forma, ko iedvesmoju\u0161i ikoniskie \u201cFifties\u201d kr\u0113sli, ar rakstur\u012bgu caurumu korpus\u0101. Kolekcija izce\u013cas ar savu komfortu un funkcionalit\u0101ti, ko pie\u0161\u0137ir l\u012bkumotie roku balsti, kas aptver \u0137ermeni un \u0113rta vad\u0101m\u012bba. Kr\u0113sls ar polikarbon\u0101ta apvalku un \u00d8 16mm t\u0113rauda r\u0101mi ar ritenti\u0146iem.<\/p>","protected":false},"featured_media":10002,"template":"","meta":{"_acf_changed":false},"product_brand":[],"product_cat":[126,121,28],"product_tag":[125],"class_list":{"0":"post-10001","1":"product","2":"type-product","3":"status-publish","4":"has-post-thumbnail","6":"product_cat-apmekletaju-kresli","7":"product_cat-biroja-kresli","8":"product_cat-kresli","9":"product_tag-pedrali","11":"first","12":"instock","13":"shipping-taxable","14":"purchasable","15":"product-type-simple"},"acf":[],"_links":{"self":[{"href":"https:\/\/lightup.lv\/et\/wp-json\/wp\/v2\/product\/10001","targetHints":{"allow":["GET"]}}],"collection":[{"href":"https:\/\/lightup.lv\/et\/wp-json\/wp\/v2\/product"}],"about":[{"href":"https:\/\/lightup.lv\/et\/wp-json\/wp\/v2\/types\/product"}],"wp:featuredmedia":[{"embeddable":true,"href":"https:\/\/lightup.lv\/et\/wp-json\/wp\/v2\/media\/10002"}],"wp:attachment":[{"href":"https:\/\/lightup.lv\/et\/wp-json\/wp\/v2\/media?parent=10001"}],"wp:term":[{"taxonomy":"product_brand","embeddable":true,"href":"https:\/\/lightup.lv\/et\/wp-json\/wp\/v2\/product_brand?post=10001"},{"taxonomy":"product_cat","embeddable":true,"href":"https:\/\/lightup.lv\/et\/wp-json\/wp\/v2\/product_cat?post=10001"},{"taxonomy":"product_tag","embeddable":true,"href":"https:\/\/lightup.lv\/et\/wp-json\/wp\/v2\/product_tag?post=10001"}],"curies":[{"name":"t\u00f6\u00f6leht","href":"https:\/\/api.w.org\/{rel}","templated":true}]}}