{"id":10006,"date":"2022-05-10T07:25:35","date_gmt":"2022-05-10T07:25:35","guid":{"rendered":"https:\/\/lightup.lv\/product\/augstais-bara-kresls-gliss\/"},"modified":"2024-01-30T15:27:57","modified_gmt":"2024-01-30T15:27:57","slug":"augstais-bara-kresls-gliss","status":"publish","type":"product","link":"https:\/\/lightup.lv\/et\/precu-katalogs\/augstais-bara-kresls-gliss\/","title":{"rendered":"Pusb\u0101ra kr\u0113sls Gliss"},"content":{"rendered":"<p>Materjal \u2013 pol\u00fckarbonaat, teras<br \/>\nSaadaval on erinevad v\u00e4rvid<br \/>\nKr\u0113sla augstums \u201387 cm<br \/>\nIstme laius \u2013 48 cm<br \/>\nTooli pikkus \u2013 47 cm<br \/>\nIstme k\u00f5rgus \u2013 65 cm<\/p>\n<p>ID 902<\/p>","protected":false},"excerpt":{"rendered":"<p>Gliss ir m\u0101j\u012bga un ergonomiska forma, ko iedvesmoju\u0161i ikoniskie \u201cFifties\u201d kr\u0113sli, ar rakstur\u012bgu caurumu korpus\u0101. Kolekcija izce\u013cas ar savu komfortu un funkcionalit\u0101ti, ko pie\u0161\u0137ir l\u012bkumotie roku balsti, kas aptver \u0137ermeni un \u0113rta vad\u0101m\u012bba. B\u0101ra kr\u0113sls ar polikarbon\u0101ta apvalku un \u00d8 11mm t\u0113rauda\u00a0 r\u0101mi.<\/p>","protected":false},"featured_media":10007,"template":"","meta":{"_acf_changed":false},"product_brand":[],"product_cat":[28,41,122,50],"product_tag":[125],"class_list":{"0":"post-10006","1":"product","2":"type-product","3":"status-publish","4":"has-post-thumbnail","6":"product_cat-kresli","7":"product_cat-pusbara-kresli","8":"product_cat-terases-bara-kresli","9":"product_cat-terases-mebeles","10":"product_tag-pedrali","12":"first","13":"instock","14":"shipping-taxable","15":"purchasable","16":"product-type-simple"},"acf":[],"_links":{"self":[{"href":"https:\/\/lightup.lv\/et\/wp-json\/wp\/v2\/product\/10006","targetHints":{"allow":["GET"]}}],"collection":[{"href":"https:\/\/lightup.lv\/et\/wp-json\/wp\/v2\/product"}],"about":[{"href":"https:\/\/lightup.lv\/et\/wp-json\/wp\/v2\/types\/product"}],"wp:featuredmedia":[{"embeddable":true,"href":"https:\/\/lightup.lv\/et\/wp-json\/wp\/v2\/media\/10007"}],"wp:attachment":[{"href":"https:\/\/lightup.lv\/et\/wp-json\/wp\/v2\/media?parent=10006"}],"wp:term":[{"taxonomy":"product_brand","embeddable":true,"href":"https:\/\/lightup.lv\/et\/wp-json\/wp\/v2\/product_brand?post=10006"},{"taxonomy":"product_cat","embeddable":true,"href":"https:\/\/lightup.lv\/et\/wp-json\/wp\/v2\/product_cat?post=10006"},{"taxonomy":"product_tag","embeddable":true,"href":"https:\/\/lightup.lv\/et\/wp-json\/wp\/v2\/product_tag?post=10006"}],"curies":[{"name":"t\u00f6\u00f6leht","href":"https:\/\/api.w.org\/{rel}","templated":true}]}}