{"id":10049,"date":"2022-05-10T08:04:50","date_gmt":"2022-05-10T08:04:50","guid":{"rendered":"https:\/\/lightup.lv\/product\/kresls-grace-2\/"},"modified":"2024-01-30T15:24:23","modified_gmt":"2024-01-30T15:24:23","slug":"tool-grace-2","status":"publish","type":"product","link":"https:\/\/lightup.lv\/et\/precu-katalogs\/kresls-grace-2\/","title":{"rendered":"Grace&#039;i tool"},"content":{"rendered":"<p>Materjal \u2013 pol\u00fcprop\u00fcleen, teras<br \/>\nTooli k\u00f5rgus \u2013 76,5 cm<br \/>\nIstme laius \u2013 55 cm<br \/>\nTooli pikkus \u2013 53 cm<br \/>\nIstme k\u00f5rgus \u2013 46 cm<\/p>\n<p>ID 411<\/p>","protected":false},"excerpt":{"rendered":"<p>Istme, seljatoe ja k\u00e4etoe vormide harmoonia. Grace tool pol\u00fcprop\u00fcleenist, klaaskiuga tugevdatud kestaga ja \u00d8 11 mm terasraamiga.<\/p>","protected":false},"featured_media":10050,"template":"","meta":{"_acf_changed":false},"product_brand":[],"product_cat":[126,121,28,51,50],"product_tag":[125],"class_list":{"0":"post-10049","1":"product","2":"type-product","3":"status-publish","4":"has-post-thumbnail","6":"product_cat-apmekletaju-kresli","7":"product_cat-biroja-kresli","8":"product_cat-kresli","9":"product_cat-kresli-terases-mebeles","10":"product_cat-terases-mebeles","11":"product_tag-pedrali","13":"first","14":"instock","15":"shipping-taxable","16":"purchasable","17":"product-type-simple"},"acf":[],"_links":{"self":[{"href":"https:\/\/lightup.lv\/et\/wp-json\/wp\/v2\/product\/10049","targetHints":{"allow":["GET"]}}],"collection":[{"href":"https:\/\/lightup.lv\/et\/wp-json\/wp\/v2\/product"}],"about":[{"href":"https:\/\/lightup.lv\/et\/wp-json\/wp\/v2\/types\/product"}],"wp:featuredmedia":[{"embeddable":true,"href":"https:\/\/lightup.lv\/et\/wp-json\/wp\/v2\/media\/10050"}],"wp:attachment":[{"href":"https:\/\/lightup.lv\/et\/wp-json\/wp\/v2\/media?parent=10049"}],"wp:term":[{"taxonomy":"product_brand","embeddable":true,"href":"https:\/\/lightup.lv\/et\/wp-json\/wp\/v2\/product_brand?post=10049"},{"taxonomy":"product_cat","embeddable":true,"href":"https:\/\/lightup.lv\/et\/wp-json\/wp\/v2\/product_cat?post=10049"},{"taxonomy":"product_tag","embeddable":true,"href":"https:\/\/lightup.lv\/et\/wp-json\/wp\/v2\/product_tag?post=10049"}],"curies":[{"name":"t\u00f6\u00f6leht","href":"https:\/\/api.w.org\/{rel}","templated":true}]}}