{"id":10090,"date":"2022-05-10T08:54:50","date_gmt":"2022-05-10T08:54:50","guid":{"rendered":"https:\/\/lightup.lv\/product\/atputas-kresls-host-lounge-3\/"},"modified":"2024-01-30T15:20:01","modified_gmt":"2024-01-30T15:20:01","slug":"tugitool-peremehe-puhketuba-3","status":"publish","type":"product","link":"https:\/\/lightup.lv\/et\/tootekataloog\/tugitool-peremehe-puhketuba-3\/","title":{"rendered":"Host Lounge&#039;i tugitool"},"content":{"rendered":"<p>Materjal \u2013 Kunstnahk, Teras<br \/>\nTooli k\u00f5rgus \u2013 40 cm<br \/>\nIstme laius ja pikkus \u2013 74 cm<\/p>\n<p>ID 793<\/p>","protected":false},"excerpt":{"rendered":"<p>Host on modulaarne \u00fche-, kahe- ja nurgaistmete s\u00fcsteem, mis sobib paljudeks kombinatsioonideks ja reguleerimiseks. Polsterdatud diivaniplokk on valmistatud pol\u00fcuretaanvahust ja \u00d8 16 mm terasraamiga.<\/p>","protected":false},"featured_media":10091,"template":"","meta":{"_acf_changed":false},"product_brand":[],"product_cat":[115,119,101,28,116,113],"product_tag":[125],"class_list":{"0":"post-10090","1":"product","2":"type-product","3":"status-publish","4":"has-post-thumbnail","6":"product_cat-atputas-kresli-publisko-telpu-mebeles","7":"product_cat-atputas-kresli-kresli","8":"product_cat-biroja-mebeles","9":"product_cat-kresli","10":"product_cat-pufi","11":"product_cat-uzgaidamie-divani","12":"product_tag-pedrali","14":"first","15":"instock","16":"shipping-taxable","17":"purchasable","18":"product-type-simple"},"acf":[],"_links":{"self":[{"href":"https:\/\/lightup.lv\/et\/wp-json\/wp\/v2\/product\/10090","targetHints":{"allow":["GET"]}}],"collection":[{"href":"https:\/\/lightup.lv\/et\/wp-json\/wp\/v2\/product"}],"about":[{"href":"https:\/\/lightup.lv\/et\/wp-json\/wp\/v2\/types\/product"}],"wp:featuredmedia":[{"embeddable":true,"href":"https:\/\/lightup.lv\/et\/wp-json\/wp\/v2\/media\/10091"}],"wp:attachment":[{"href":"https:\/\/lightup.lv\/et\/wp-json\/wp\/v2\/media?parent=10090"}],"wp:term":[{"taxonomy":"product_brand","embeddable":true,"href":"https:\/\/lightup.lv\/et\/wp-json\/wp\/v2\/product_brand?post=10090"},{"taxonomy":"product_cat","embeddable":true,"href":"https:\/\/lightup.lv\/et\/wp-json\/wp\/v2\/product_cat?post=10090"},{"taxonomy":"product_tag","embeddable":true,"href":"https:\/\/lightup.lv\/et\/wp-json\/wp\/v2\/product_tag?post=10090"}],"curies":[{"name":"wp","href":"https:\/\/api.w.org\/{rel}","templated":true}]}}