{"id":10095,"date":"2022-05-10T09:02:17","date_gmt":"2022-05-10T09:02:17","guid":{"rendered":"https:\/\/lightup.lv\/product\/kresls-ice-ar-atzveltni\/"},"modified":"2024-01-30T15:19:25","modified_gmt":"2024-01-30T15:19:25","slug":"seljatoega-tool","status":"publish","type":"product","link":"https:\/\/lightup.lv\/et\/precu-katalogs\/kresls-ice-ar-atzveltni\/","title":{"rendered":"ICE tool seljatoega"},"content":{"rendered":"<p>Materjal \u2013 pol\u00fcprop\u00fcleen, alumiinium<br \/>\nSaadaval on erinevad v\u00e4rvid<br \/>\nTooli k\u00f5rgus \u2013 84 cm<br \/>\nIstme laius \u2013 47 cm<br \/>\nTooli pikkus \u2013 49 cm<br \/>\nIstme k\u00f5rgus \u2013 45 cm<\/p>\n<p>ID 800<\/p>","protected":false},"excerpt":{"rendered":"<p>\u201eIce\u201d kollektsioon on oma mitmek\u00fclgsuse ja stabiilsuse t\u00f5ttu saanud bestselleriks. Anodeeritud alumiiniumist \u00d8 28 mm torukujulised jalad, pol\u00fcprop\u00fcleenist kest. See materjalide kombinatsioon muudab tooli sobivaks mitmesugusteks vajadusteks nii sise- kui ka v\u00e4listingimustes.<\/p>","protected":false},"featured_media":10096,"template":"","meta":{"_acf_changed":false},"product_brand":[],"product_cat":[126,121,124,28,51,50],"product_tag":[125],"class_list":{"0":"post-10095","1":"product","2":"type-product","3":"status-publish","4":"has-post-thumbnail","6":"product_cat-apmekletaju-kresli","7":"product_cat-biroja-kresli","8":"product_cat-kresli-konfernecu","9":"product_cat-kresli","10":"product_cat-kresli-terases-mebeles","11":"product_cat-terases-mebeles","12":"product_tag-pedrali","14":"first","15":"instock","16":"shipping-taxable","17":"purchasable","18":"product-type-simple"},"acf":[],"_links":{"self":[{"href":"https:\/\/lightup.lv\/et\/wp-json\/wp\/v2\/product\/10095","targetHints":{"allow":["GET"]}}],"collection":[{"href":"https:\/\/lightup.lv\/et\/wp-json\/wp\/v2\/product"}],"about":[{"href":"https:\/\/lightup.lv\/et\/wp-json\/wp\/v2\/types\/product"}],"wp:featuredmedia":[{"embeddable":true,"href":"https:\/\/lightup.lv\/et\/wp-json\/wp\/v2\/media\/10096"}],"wp:attachment":[{"href":"https:\/\/lightup.lv\/et\/wp-json\/wp\/v2\/media?parent=10095"}],"wp:term":[{"taxonomy":"product_brand","embeddable":true,"href":"https:\/\/lightup.lv\/et\/wp-json\/wp\/v2\/product_brand?post=10095"},{"taxonomy":"product_cat","embeddable":true,"href":"https:\/\/lightup.lv\/et\/wp-json\/wp\/v2\/product_cat?post=10095"},{"taxonomy":"product_tag","embeddable":true,"href":"https:\/\/lightup.lv\/et\/wp-json\/wp\/v2\/product_tag?post=10095"}],"curies":[{"name":"t\u00f6\u00f6leht","href":"https:\/\/api.w.org\/{rel}","templated":true}]}}