{"id":10110,"date":"2022-05-10T09:07:55","date_gmt":"2022-05-10T09:07:55","guid":{"rendered":"https:\/\/lightup.lv\/product\/kresls-inga-ar-atzveltni\/"},"modified":"2024-01-30T15:18:48","modified_gmt":"2024-01-30T15:18:48","slug":"kresls-inga-ar-atzveltni","status":"publish","type":"product","link":"https:\/\/lightup.lv\/et\/precu-katalogs\/kresls-inga-ar-atzveltni\/","title":{"rendered":"Inga tool seljatoega"},"content":{"rendered":"<p>Materi\u0101ls \u2013 Koks, T\u0113rauds<br \/>\nSaadaval on erinevad v\u00e4rvid<br \/>\nKr\u0113sla augstums \u201380 cm<br \/>\nS\u0113des platums \u2013 54 cm<br \/>\nKr\u0113sla garums \u201354 cm<br \/>\nS\u0113des augstums \u2013 45,5 cm<\/p>\n<p>Cena s\u0101kot NO: 245,63 eiro<br \/>\nHind s\u00f5ltub konfiguratsioonist ja valitud kangatoonist.<\/p>\n<p>ID 5619<\/p>","protected":false},"excerpt":{"rendered":"<p>Kr\u0113sls ar finier\u0113ta ozola sapl\u0101k\u0161\u0146a apvalku un \u00d8 10mm t\u0113rauda r\u0101mi.<\/p>","protected":false},"featured_media":10111,"template":"","meta":{"_acf_changed":false},"product_brand":[],"product_cat":[121,28,38],"product_tag":[125],"class_list":{"0":"post-10110","1":"product","2":"type-product","3":"status-publish","4":"has-post-thumbnail","6":"product_cat-biroja-kresli","7":"product_cat-kresli","8":"product_cat-kresli-pie-galda","9":"product_tag-pedrali","11":"first","12":"instock","13":"shipping-taxable","14":"purchasable","15":"product-type-simple"},"acf":[],"_links":{"self":[{"href":"https:\/\/lightup.lv\/et\/wp-json\/wp\/v2\/product\/10110","targetHints":{"allow":["GET"]}}],"collection":[{"href":"https:\/\/lightup.lv\/et\/wp-json\/wp\/v2\/product"}],"about":[{"href":"https:\/\/lightup.lv\/et\/wp-json\/wp\/v2\/types\/product"}],"wp:featuredmedia":[{"embeddable":true,"href":"https:\/\/lightup.lv\/et\/wp-json\/wp\/v2\/media\/10111"}],"wp:attachment":[{"href":"https:\/\/lightup.lv\/et\/wp-json\/wp\/v2\/media?parent=10110"}],"wp:term":[{"taxonomy":"product_brand","embeddable":true,"href":"https:\/\/lightup.lv\/et\/wp-json\/wp\/v2\/product_brand?post=10110"},{"taxonomy":"product_cat","embeddable":true,"href":"https:\/\/lightup.lv\/et\/wp-json\/wp\/v2\/product_cat?post=10110"},{"taxonomy":"product_tag","embeddable":true,"href":"https:\/\/lightup.lv\/et\/wp-json\/wp\/v2\/product_tag?post=10110"}],"curies":[{"name":"t\u00f6\u00f6leht","href":"https:\/\/api.w.org\/{rel}","templated":true}]}}