{"id":10145,"date":"2022-05-10T11:21:01","date_gmt":"2022-05-10T11:21:01","guid":{"rendered":"https:\/\/lightup.lv\/product\/kresls-kuadra-ar-atzveltni\/"},"modified":"2024-01-30T15:16:14","modified_gmt":"2024-01-30T15:16:14","slug":"kresls-kuadra-ar-atzveltni","status":"publish","type":"product","link":"https:\/\/lightup.lv\/et\/precu-katalogs\/kresls-kuadra-ar-atzveltni\/","title":{"rendered":"Kuadra tool seljatoega"},"content":{"rendered":"<p>Materi\u0101ls \u2013 Tehnopolim\u0113rs, T\u0113rauds<br \/>\nSaadaval on erinevad v\u00e4rvid<br \/>\nKr\u0113sla augstums \u201386,5 cm<br \/>\nIzvirz\u012bjuma augstums &#8211; 69 cm<br \/>\nIstme laius \u2013 50 cm<br \/>\nKr\u0113sla garums \u201353,5 cm<br \/>\nIstme k\u00f5rgus \u2013 46 cm<\/p>\n<p>Cena s\u0101kot NO: 295.72 eiro<br \/>\nHind s\u00f5ltub konfiguratsioonist ja valitud toonist.<\/p>\n<p>ID 1329\/TP<\/p>","protected":false},"excerpt":{"rendered":"<p>Kr\u0113sls ar no\u0146emamu roku balstu un iztur\u012bgu, lamin\u0113tu pl\u0101ksni. Liets tehnopolim\u0113ra korpuss un r\u0101mis no 20&#215;20 mm kvadr\u0101tveida caurules t\u0113rauda.<\/p>","protected":false},"featured_media":10146,"template":"","meta":{"_acf_changed":false},"product_brand":[],"product_cat":[126,121,28],"product_tag":[125],"class_list":{"0":"post-10145","1":"product","2":"type-product","3":"status-publish","4":"has-post-thumbnail","6":"product_cat-apmekletaju-kresli","7":"product_cat-biroja-kresli","8":"product_cat-kresli","9":"product_tag-pedrali","11":"first","12":"instock","13":"shipping-taxable","14":"purchasable","15":"product-type-simple"},"acf":[],"_links":{"self":[{"href":"https:\/\/lightup.lv\/et\/wp-json\/wp\/v2\/product\/10145","targetHints":{"allow":["GET"]}}],"collection":[{"href":"https:\/\/lightup.lv\/et\/wp-json\/wp\/v2\/product"}],"about":[{"href":"https:\/\/lightup.lv\/et\/wp-json\/wp\/v2\/types\/product"}],"wp:featuredmedia":[{"embeddable":true,"href":"https:\/\/lightup.lv\/et\/wp-json\/wp\/v2\/media\/10146"}],"wp:attachment":[{"href":"https:\/\/lightup.lv\/et\/wp-json\/wp\/v2\/media?parent=10145"}],"wp:term":[{"taxonomy":"product_brand","embeddable":true,"href":"https:\/\/lightup.lv\/et\/wp-json\/wp\/v2\/product_brand?post=10145"},{"taxonomy":"product_cat","embeddable":true,"href":"https:\/\/lightup.lv\/et\/wp-json\/wp\/v2\/product_cat?post=10145"},{"taxonomy":"product_tag","embeddable":true,"href":"https:\/\/lightup.lv\/et\/wp-json\/wp\/v2\/product_tag?post=10145"}],"curies":[{"name":"t\u00f6\u00f6leht","href":"https:\/\/api.w.org\/{rel}","templated":true}]}}