{"id":10165,"date":"2022-05-10T11:40:23","date_gmt":"2022-05-10T11:40:23","guid":{"rendered":"https:\/\/lightup.lv\/product\/koka-kresls-nemea-ar-atzveltni\/"},"modified":"2024-01-30T15:15:04","modified_gmt":"2024-01-30T15:15:04","slug":"koka-kresls-nemea-ar-atzveltni","status":"publish","type":"product","link":"https:\/\/lightup.lv\/et\/precu-katalogs\/koka-kresls-nemea-ar-atzveltni\/","title":{"rendered":"Puidust tool Nemea seljatoega"},"content":{"rendered":"<p>Materi\u0101ls \u2013 Koks, Alum\u012bnijs<br \/>\nSaadaval on erinevad v\u00e4rvid<br \/>\nTooli k\u00f5rgus \u2013 76,5 cm<br \/>\nIstme laius \u2013 52 cm<br \/>\nKr\u0113sla garums \u201350 cm<br \/>\nIstme k\u00f5rgus \u2013 46 cm<\/p>\n<p>Cena s\u0101kot NO: 415.27 eiro<br \/>\nHind s\u00f5ltub konfiguratsioonist ja valitud toonist.<\/p>\n<p>ID 2820<\/p>","protected":false},"excerpt":{"rendered":"<p>Nemea kolekcijas dizains atg\u0101dina ideju par klasisku graciozit\u0101ti, ko veidojis laiks un v\u0113sture. O\u0161a finiera sapl\u0101k\u0161\u0146a kr\u0113sls ar o\u0161a mas\u012bvkoka k\u0101j\u0101m un lieta alum\u012bnija r\u0101mi.<\/p>","protected":false},"featured_media":10166,"template":"","meta":{"_acf_changed":false},"product_brand":[],"product_cat":[121,28,38,51,50],"product_tag":[125],"class_list":{"0":"post-10165","1":"product","2":"type-product","3":"status-publish","4":"has-post-thumbnail","6":"product_cat-biroja-kresli","7":"product_cat-kresli","8":"product_cat-kresli-pie-galda","9":"product_cat-kresli-terases-mebeles","10":"product_cat-terases-mebeles","11":"product_tag-pedrali","13":"first","14":"instock","15":"shipping-taxable","16":"purchasable","17":"product-type-simple"},"acf":[],"_links":{"self":[{"href":"https:\/\/lightup.lv\/et\/wp-json\/wp\/v2\/product\/10165","targetHints":{"allow":["GET"]}}],"collection":[{"href":"https:\/\/lightup.lv\/et\/wp-json\/wp\/v2\/product"}],"about":[{"href":"https:\/\/lightup.lv\/et\/wp-json\/wp\/v2\/types\/product"}],"wp:featuredmedia":[{"embeddable":true,"href":"https:\/\/lightup.lv\/et\/wp-json\/wp\/v2\/media\/10166"}],"wp:attachment":[{"href":"https:\/\/lightup.lv\/et\/wp-json\/wp\/v2\/media?parent=10165"}],"wp:term":[{"taxonomy":"product_brand","embeddable":true,"href":"https:\/\/lightup.lv\/et\/wp-json\/wp\/v2\/product_brand?post=10165"},{"taxonomy":"product_cat","embeddable":true,"href":"https:\/\/lightup.lv\/et\/wp-json\/wp\/v2\/product_cat?post=10165"},{"taxonomy":"product_tag","embeddable":true,"href":"https:\/\/lightup.lv\/et\/wp-json\/wp\/v2\/product_tag?post=10165"}],"curies":[{"name":"t\u00f6\u00f6leht","href":"https:\/\/api.w.org\/{rel}","templated":true}]}}