{"id":10355,"date":"2022-05-10T15:55:26","date_gmt":"2022-05-10T15:55:26","guid":{"rendered":"https:\/\/lightup.lv\/product\/kresls-remind\/"},"modified":"2024-01-30T14:12:26","modified_gmt":"2024-01-30T14:12:26","slug":"kresls-remind","status":"publish","type":"product","link":"https:\/\/lightup.lv\/et\/tootekataloog\/kresls-remind\/","title":{"rendered":"Meenuta tooli"},"content":{"rendered":"<p>Materjal \u2013 pol\u00fcprop\u00fcleen<br \/>\nKr\u0113sla augstums \u2013 82 cm<br \/>\nS\u0113des platums \u2013 49 cm<br \/>\nKr\u0113sla garums \u2013 52 cm<br \/>\nIstme k\u00f5rgus \u2013 46 cm<\/p>\n<p>ID 3730<\/p>","protected":false},"excerpt":{"rendered":"<p>Izgatavots no polipropil\u0113na, caursp\u012bd\u012bgais s\u0113deklis un atzveltne nodro\u0161ina kr\u0113slam gais\u012bgu un vieglu izskatu, k\u0101 ar\u012b t\u0101 aptvero\u0161o komfortu. Remind perfor\u0113to atzveltni var dekor\u0113t ar s\u012bkiem kr\u0101sainiem pikse\u013ciem, kas izgatavoti no polipropil\u0113na, lai ikviens var\u0113tu k\u013c\u016bt par m\u0101kslinieku, radot bezgal\u012bgus rakstus.<\/p>","protected":false},"featured_media":10356,"template":"","meta":{"_acf_changed":false},"product_brand":[],"product_cat":[126,124,28,51,50],"product_tag":[125],"class_list":{"0":"post-10355","1":"product","2":"type-product","3":"status-publish","4":"has-post-thumbnail","6":"product_cat-apmekletaju-kresli","7":"product_cat-kresli-konfernecu","8":"product_cat-kresli","9":"product_cat-kresli-terases-mebeles","10":"product_cat-terases-mebeles","11":"product_tag-pedrali","13":"first","14":"instock","15":"shipping-taxable","16":"purchasable","17":"product-type-simple"},"acf":[],"_links":{"self":[{"href":"https:\/\/lightup.lv\/et\/wp-json\/wp\/v2\/product\/10355","targetHints":{"allow":["GET"]}}],"collection":[{"href":"https:\/\/lightup.lv\/et\/wp-json\/wp\/v2\/product"}],"about":[{"href":"https:\/\/lightup.lv\/et\/wp-json\/wp\/v2\/types\/product"}],"wp:featuredmedia":[{"embeddable":true,"href":"https:\/\/lightup.lv\/et\/wp-json\/wp\/v2\/media\/10356"}],"wp:attachment":[{"href":"https:\/\/lightup.lv\/et\/wp-json\/wp\/v2\/media?parent=10355"}],"wp:term":[{"taxonomy":"product_brand","embeddable":true,"href":"https:\/\/lightup.lv\/et\/wp-json\/wp\/v2\/product_brand?post=10355"},{"taxonomy":"product_cat","embeddable":true,"href":"https:\/\/lightup.lv\/et\/wp-json\/wp\/v2\/product_cat?post=10355"},{"taxonomy":"product_tag","embeddable":true,"href":"https:\/\/lightup.lv\/et\/wp-json\/wp\/v2\/product_tag?post=10355"}],"curies":[{"name":"wp","href":"https:\/\/api.w.org\/{rel}","templated":true}]}}