{"id":10388,"date":"2022-05-10T16:26:22","date_gmt":"2022-05-10T16:26:22","guid":{"rendered":"https:\/\/lightup.lv\/product\/bara-kresls-rubik\/"},"modified":"2024-01-30T14:02:55","modified_gmt":"2024-01-30T14:02:55","slug":"bara-kresls-rubik","status":"publish","type":"product","link":"https:\/\/lightup.lv\/et\/precu-katalogs\/bara-kresls-rubik\/","title":{"rendered":"Baaritool Rubik"},"content":{"rendered":"<p>Materjal \u2013 pol\u00fcprop\u00fcleen<br \/>\nSaadaval on erinevad v\u00e4rvid<br \/>\nKr\u0113sla augstums \u201375 cm<br \/>\nS\u0113des platums un garums \u2013 40 cm<br \/>\nS\u0113des platums\u2013 32 cm<\/p>\n<p>ID 580<\/p>","protected":false},"excerpt":{"rendered":"<p>Rubik kr\u0113sls ar pl\u0101n\u0101m, m\u012bkst\u0101m un slaid\u0101m l\u012bnij\u0101m izce\u013cas ar vieglu funkcionalit\u0101ti. Sakraujami kr\u0113sli, kas piln\u012bb\u0101 izgatavoti no polikarbon\u0101ta un pieejami vair\u0101kos dizainos. Paredz\u0113ts lieto\u0161anai gan \u0101r\u0101, gan iek\u0161telp\u0101s.<\/p>","protected":false},"featured_media":10389,"template":"","meta":{"_acf_changed":false},"product_brand":[],"product_cat":[126,29,124,28,51,122,50],"product_tag":[125],"class_list":{"0":"post-10388","1":"product","2":"type-product","3":"status-publish","4":"has-post-thumbnail","6":"product_cat-apmekletaju-kresli","7":"product_cat-bara-kresli","8":"product_cat-kresli-konfernecu","9":"product_cat-kresli","10":"product_cat-kresli-terases-mebeles","11":"product_cat-terases-bara-kresli","12":"product_cat-terases-mebeles","13":"product_tag-pedrali","15":"first","16":"instock","17":"shipping-taxable","18":"purchasable","19":"product-type-simple"},"acf":[],"_links":{"self":[{"href":"https:\/\/lightup.lv\/et\/wp-json\/wp\/v2\/product\/10388","targetHints":{"allow":["GET"]}}],"collection":[{"href":"https:\/\/lightup.lv\/et\/wp-json\/wp\/v2\/product"}],"about":[{"href":"https:\/\/lightup.lv\/et\/wp-json\/wp\/v2\/types\/product"}],"wp:featuredmedia":[{"embeddable":true,"href":"https:\/\/lightup.lv\/et\/wp-json\/wp\/v2\/media\/10389"}],"wp:attachment":[{"href":"https:\/\/lightup.lv\/et\/wp-json\/wp\/v2\/media?parent=10388"}],"wp:term":[{"taxonomy":"product_brand","embeddable":true,"href":"https:\/\/lightup.lv\/et\/wp-json\/wp\/v2\/product_brand?post=10388"},{"taxonomy":"product_cat","embeddable":true,"href":"https:\/\/lightup.lv\/et\/wp-json\/wp\/v2\/product_cat?post=10388"},{"taxonomy":"product_tag","embeddable":true,"href":"https:\/\/lightup.lv\/et\/wp-json\/wp\/v2\/product_tag?post=10388"}],"curies":[{"name":"t\u00f6\u00f6leht","href":"https:\/\/api.w.org\/{rel}","templated":true}]}}