{"id":10475,"date":"2022-05-10T17:48:59","date_gmt":"2022-05-10T17:48:59","guid":{"rendered":"https:\/\/lightup.lv\/product\/kresls-tribeca-artelpam-4\/"},"modified":"2024-01-30T11:59:35","modified_gmt":"2024-01-30T11:59:35","slug":"kresls-tribeca-artelpam-4","status":"publish","type":"product","link":"https:\/\/lightup.lv\/et\/precu-katalogs\/kresls-tribeca-artelpam-4\/","title":{"rendered":"Tribeca \u00f5uetool"},"content":{"rendered":"<p>Materi\u0101ls \u2013 PVC, T\u0113rauds<br \/>\nSaadaval on erinevad v\u00e4rvid<br \/>\nKr\u0113sla augstums \u201398,5 cm<br \/>\nS\u0113des platums \u2013 49,5 cm<br \/>\nKr\u0113sla garums \u201346,5 cm<br \/>\nS\u0113des augstums \u2013 77,5 cm<\/p>\n<p>ID 3668<\/p>","protected":false},"excerpt":{"rendered":"<p>Tribeca atgrie\u017e m\u016bs pag\u0101tn\u0113 ar m\u016bsdien\u012bgu klasisko se\u0161desmito gadu terases kr\u0113slu interpret\u0101ciju, kas izgatavoti no t\u0113rauda un austa materi\u0101la. Kr\u0113sla r\u0101mis ar \u00d820 mm caurules strukt\u016bru, kas p\u0101rkl\u0101ta ar pulvera p\u0101rkl\u0101jumu lieto\u0161anai \u0101rpus telp\u0101m, atzveltne un s\u0113deklis no austa ekstrud\u0113ta PVC ar neilona serdi. \u012apa\u0161i izstr\u0101d\u0101ts lieto\u0161anai \u0101rpus telp\u0101m.<\/p>","protected":false},"featured_media":10476,"template":"","meta":{"_acf_changed":false},"product_brand":[],"product_cat":[126,29,124,28,38,51,122,50],"product_tag":[125],"class_list":{"0":"post-10475","1":"product","2":"type-product","3":"status-publish","4":"has-post-thumbnail","6":"product_cat-apmekletaju-kresli","7":"product_cat-bara-kresli","8":"product_cat-kresli-konfernecu","9":"product_cat-kresli","10":"product_cat-kresli-pie-galda","11":"product_cat-kresli-terases-mebeles","12":"product_cat-terases-bara-kresli","13":"product_cat-terases-mebeles","14":"product_tag-pedrali","16":"first","17":"instock","18":"shipping-taxable","19":"purchasable","20":"product-type-simple"},"acf":[],"_links":{"self":[{"href":"https:\/\/lightup.lv\/et\/wp-json\/wp\/v2\/product\/10475","targetHints":{"allow":["GET"]}}],"collection":[{"href":"https:\/\/lightup.lv\/et\/wp-json\/wp\/v2\/product"}],"about":[{"href":"https:\/\/lightup.lv\/et\/wp-json\/wp\/v2\/types\/product"}],"wp:featuredmedia":[{"embeddable":true,"href":"https:\/\/lightup.lv\/et\/wp-json\/wp\/v2\/media\/10476"}],"wp:attachment":[{"href":"https:\/\/lightup.lv\/et\/wp-json\/wp\/v2\/media?parent=10475"}],"wp:term":[{"taxonomy":"product_brand","embeddable":true,"href":"https:\/\/lightup.lv\/et\/wp-json\/wp\/v2\/product_brand?post=10475"},{"taxonomy":"product_cat","embeddable":true,"href":"https:\/\/lightup.lv\/et\/wp-json\/wp\/v2\/product_cat?post=10475"},{"taxonomy":"product_tag","embeddable":true,"href":"https:\/\/lightup.lv\/et\/wp-json\/wp\/v2\/product_tag?post=10475"}],"curies":[{"name":"t\u00f6\u00f6leht","href":"https:\/\/api.w.org\/{rel}","templated":true}]}}